{"id":8709,"date":"2021-10-08T15:02:45","date_gmt":"2021-10-08T15:02:45","guid":{"rendered":"https:\/\/facapackaging.com\/pide-catalogo\/"},"modified":"2023-07-19T10:00:22","modified_gmt":"2023-07-19T10:00:22","slug":"pide-catalogo","status":"publish","type":"page","link":"https:\/\/facapackaging.com\/es\/pide-catalogo\/","title":{"rendered":"Pide Catalogo"},"content":{"rendered":"<p>[et_pb_section fb_built=&#8221;1&#8243; fullwidth=&#8221;on&#8221; _builder_version=&#8221;4.6.6&#8243; _module_preset=&#8221;default&#8221;][et_pb_fullwidth_header title=&#8221;<strong> Nuevo Catalogo  <\/strong>&#8221; subhead=&#8221;Rellena el formulario&#8221; _builder_version=&#8221;4.6.6&#8243; _module_preset=&#8221;default&#8221; background_color=&#8221;#424242&#8243; hover_enabled=&#8221;0&#8243; sticky_enabled=&#8221;0&#8243;][\/et_pb_fullwidth_header][\/et_pb_section][et_pb_section fb_built=&#8221;1&#8243; _builder_version=&#8221;4.5.3&#8243; _module_preset=&#8221;default&#8221;][et_pb_row column_structure=&#8221;1_2,1_2&#8243; admin_label=&#8221;Row&#8221; _builder_version=&#8221;4.6.6&#8243; _module_preset=&#8221;default&#8221;][et_pb_column type=&#8221;1_2&#8243; _builder_version=&#8221;4.6.6&#8243; _module_preset=&#8221;default&#8221;][et_pb_image src=&#8221;https:\/\/facapackaging.com\/wp-content\/uploads\/2022\/02\/high-magazine.png&#8221; alt=&#8221;Faca Packaging&#8221; title_text=&#8221;high-magazine&#8221; _builder_version=&#8221;4.6.6&#8243; _module_preset=&#8221;default&#8221; border_width_all=&#8221;0px&#8221; box_shadow_style=&#8221;preset2&#8243;][\/et_pb_image][et_pb_image src=&#8221;https:\/\/facapackaging.com\/wp-content\/uploads\/2022\/06\/manos2.jpg&#8221; alt=&#8221;cosmetic packaging&#8221; title_text=&#8221;cosmetic packaging&#8221; _builder_version=&#8221;4.6.6&#8243; _module_preset=&#8221;default&#8221; border_width_all=&#8221;0px&#8221; box_shadow_style=&#8221;preset1&#8243;][\/et_pb_image][\/et_pb_column][et_pb_column type=&#8221;1_2&#8243; _builder_version=&#8221;4.6.6&#8243; _module_preset=&#8221;default&#8221;][et_pb_text _builder_version=&#8221;4.6.6&#8243; _module_preset=&#8221;default&#8221;]<\/p>\n<p>Contacta para tener el acceso<\/p>\n<p>[\/et_pb_text][et_pb_code admin_label=&#8221;Code&#8221; _builder_version=&#8221;4.6.6&#8243; _module_preset=&#8221;default&#8221; background_color=&#8221;rgba(0,0,0,0)&#8221;]<\/p>\n<div class=\"pipedriveWebForms\" data-pd-webforms=\"https:\/\/webforms.pipedrive.com\/f\/5VLjsmVfVwBSe35uEBmfZux0l2w6LQeglwu8fGINxaad54Egeh1TYG4O2KSwLY0opB\"><script src=\"https:\/\/webforms.pipedrive.com\/f\/loader\"><\/script><\/div>\n<p>[\/et_pb_code][\/et_pb_column][\/et_pb_row][\/et_pb_section][et_pb_section fb_built=&#8221;1&#8243; fullwidth=&#8221;on&#8221; _builder_version=&#8221;4.6.6&#8243; _module_preset=&#8221;default&#8221;][et_pb_fullwidth_header title=&#8221;COSMETIC BRANDS  | <B> LUXURY BRANDS  <\/B>| DISCOVER THE BEST <B> PACKAGING |  <\/B> PRODUCTS FOR YOUR <b> SKINCARE SOLUTION <\/b>&#8221; subhead=&#8221;Refill Packaging  | Airless Packaging | Biobased Packaging | Sustainable Packaging Materials | Customized Design | Exclusif &#8221; _builder_version=&#8221;4.6.6&#8243; _module_preset=&#8221;default&#8221; background_color=&#8221;#424242&#8243;][\/et_pb_fullwidth_header][\/et_pb_section][et_pb_section fb_built=&#8221;1&#8243; _builder_version=&#8221;4.6.6&#8243; _module_preset=&#8221;default&#8221;][et_pb_row column_structure=&#8221;1_2,1_2&#8243; _builder_version=&#8221;4.6.6&#8243; _module_preset=&#8221;default&#8221;][et_pb_column type=&#8221;1_2&#8243; _builder_version=&#8221;4.6.6&#8243; _module_preset=&#8221;default&#8221; background_color=&#8221;rgba(0,0,0,0)&#8221;][et_pb_image src=&#8221;https:\/\/facapackaging.com\/wp-content\/uploads\/2022\/01\/discover-300&#215;251.jpg&#8221; alt=&#8221;discover cosmetic packaging&#8221; title_text=&#8221;discover cosmetic packaging&#8221; _builder_version=&#8221;4.6.6&#8243; _module_preset=&#8221;default&#8221; border_width_all=&#8221;0px&#8221; box_shadow_style=&#8221;preset2&#8243;][\/et_pb_image][\/et_pb_column][et_pb_column type=&#8221;1_2&#8243; _builder_version=&#8221;4.6.6&#8243; _module_preset=&#8221;default&#8221;][et_pb_image src=&#8221;https:\/\/facapackaging.com\/wp-content\/uploads\/2021\/09\/ADFPCD-and-PLD-Paris-2020-Day-2-low-res-155-1-1024&#215;681.jpg&#8221; alt=&#8221;Faca Packaging&#8221; title_text=&#8221;Faca Packaging&#8221; _builder_version=&#8221;4.6.6&#8243; _module_preset=&#8221;default&#8221; border_width_all=&#8221;0px&#8221; box_shadow_style=&#8221;preset2&#8243;][\/et_pb_image][\/et_pb_column][\/et_pb_row][\/et_pb_section][et_pb_section fb_built=&#8221;1&#8243; fullwidth=&#8221;on&#8221; _builder_version=&#8221;4.6.6&#8243; _module_preset=&#8221;default&#8221; locked=&#8221;off&#8221;][et_pb_fullwidth_header title=&#8221;El equipo de Faca Packaging est\u00e1 comprometido a ayudar de manera proactiva a las empresas del sector cosm\u00e9tico para brindar servicios de alta calidad. Desarrollar el reconocimiento de la marca a trav\u00e9s de la selecci\u00f3n y creaci\u00f3n del mejor envase primario.&#8221; subhead=&#8221;Los cosm\u00e9ticos y el cuidado de la piel crecen en popularidad, el desarrollo y la fabricaci\u00f3n de envases ecol\u00f3gicos y materiales de bajo impacto ambiental est\u00e1n a la vanguardia de las soluciones de innovaci\u00f3n de Faca Packaging.&#8221; _builder_version=&#8221;4.6.6&#8243; _module_preset=&#8221;default&#8221; title_level=&#8221;h2&#8243; title_font=&#8221;Arial||||||||&#8221; title_font_size=&#8221;29px&#8221; title_letter_spacing=&#8221;5px&#8221; title_line_height=&#8221;1.1em&#8221; subhead_font=&#8221;Arial||||||||&#8221; subhead_font_size=&#8221;23px&#8221; subhead_letter_spacing=&#8221;4px&#8221; subhead_line_height=&#8221;1.1em&#8221; background_color=&#8221;#00457a&#8221;][\/et_pb_fullwidth_header][\/et_pb_section]<\/p>\n","protected":false},"excerpt":{"rendered":"<p>[et_pb_section fb_built=&#8221;1&#8243; fullwidth=&#8221;on&#8221; _builder_version=&#8221;4.6.6&#8243; _module_preset=&#8221;default&#8221;][et_pb_fullwidth_header title=&#8221; Nuevo Catalogo &#8221; subhead=&#8221;Rellena el formulario&#8221; _builder_version=&#8221;4.6.6&#8243; _module_preset=&#8221;default&#8221; background_color=&#8221;#424242&#8243; hover_enabled=&#8221;0&#8243; sticky_enabled=&#8221;0&#8243;][\/et_pb_fullwidth_header][\/et_pb_section][et_pb_section fb_built=&#8221;1&#8243; _builder_version=&#8221;4.5.3&#8243; _module_preset=&#8221;default&#8221;][et_pb_row column_structure=&#8221;1_2,1_2&#8243; admin_label=&#8221;Row&#8221; _builder_version=&#8221;4.6.6&#8243; _module_preset=&#8221;default&#8221;][et_pb_column type=&#8221;1_2&#8243; _builder_version=&#8221;4.6.6&#8243; _module_preset=&#8221;default&#8221;][et_pb_image src=&#8221;https:\/\/facapackaging.com\/wp-content\/uploads\/2022\/02\/high-magazine.png&#8221; alt=&#8221;Faca Packaging&#8221; title_text=&#8221;high-magazine&#8221; _builder_version=&#8221;4.6.6&#8243; _module_preset=&#8221;default&#8221; border_width_all=&#8221;0px&#8221; box_shadow_style=&#8221;preset2&#8243;][\/et_pb_image][et_pb_image src=&#8221;https:\/\/facapackaging.com\/wp-content\/uploads\/2022\/06\/manos2.jpg&#8221; alt=&#8221;cosmetic packaging&#8221; title_text=&#8221;cosmetic packaging&#8221; _builder_version=&#8221;4.6.6&#8243; _module_preset=&#8221;default&#8221; border_width_all=&#8221;0px&#8221; box_shadow_style=&#8221;preset1&#8243;][\/et_pb_image][\/et_pb_column][et_pb_column type=&#8221;1_2&#8243; _builder_version=&#8221;4.6.6&#8243; _module_preset=&#8221;default&#8221;][et_pb_text _builder_version=&#8221;4.6.6&#8243; _module_preset=&#8221;default&#8221;] Contacta para tener el acceso [\/et_pb_text][et_pb_code [&hellip;]<\/p>\n","protected":false},"author":8,"featured_media":0,"parent":0,"menu_order":0,"comment_status":"closed","ping_status":"closed","template":"","meta":{"_et_pb_use_builder":"on","_et_pb_old_content":"","_et_gb_content_width":""},"_links":{"self":[{"href":"https:\/\/facapackaging.com\/es\/wp-json\/wp\/v2\/pages\/8709"}],"collection":[{"href":"https:\/\/facapackaging.com\/es\/wp-json\/wp\/v2\/pages"}],"about":[{"href":"https:\/\/facapackaging.com\/es\/wp-json\/wp\/v2\/types\/page"}],"author":[{"embeddable":true,"href":"https:\/\/facapackaging.com\/es\/wp-json\/wp\/v2\/users\/8"}],"replies":[{"embeddable":true,"href":"https:\/\/facapackaging.com\/es\/wp-json\/wp\/v2\/comments?post=8709"}],"version-history":[{"count":21,"href":"https:\/\/facapackaging.com\/es\/wp-json\/wp\/v2\/pages\/8709\/revisions"}],"predecessor-version":[{"id":24286,"href":"https:\/\/facapackaging.com\/es\/wp-json\/wp\/v2\/pages\/8709\/revisions\/24286"}],"wp:attachment":[{"href":"https:\/\/facapackaging.com\/es\/wp-json\/wp\/v2\/media?parent=8709"}],"curies":[{"name":"wp","href":"https:\/\/api.w.org\/{rel}","templated":true}]}}