{"id":905,"date":"2017-01-09T17:05:56","date_gmt":"2017-01-09T17:05:56","guid":{"rendered":"\/\/facapackaging.com\/cookie-policy\/"},"modified":"2021-01-21T11:34:03","modified_gmt":"2021-01-21T11:34:03","slug":"politica-de-cookies","status":"publish","type":"page","link":"https:\/\/facapackaging.com\/es\/politica-de-cookies\/","title":{"rendered":"Pol\u00edtica de cookies"},"content":{"rendered":"<p><strong><u>POL\u00cdTICA DE COOKIES:<\/u><\/strong><\/p>\n<p>&nbsp;<\/p>\n<p>A fin de dar cumplimiento a lo dispuesto en el art\u00edculo 22 de la Ley 34\/2002, de 11 de julio, de servicios de la sociedad de la informaci\u00f3n y de comercio electr\u00f3nico, le informamos que en este Portal Web de Pl\u00e1sticos Faca, S.A (en adelante, \u201cFACA PACKAGING\u201d), <a href=\"https:\/\/facapackaging.com\">www.facapackaging.com<\/a>, utilizamos cookies para el funcionamiento de nuestro Sitio Web.<\/p>\n<p>&nbsp;<\/p>\n<p>La presente Pol\u00edtica tiene por finalidad informar al Usuario, de forma clara y completa, sobre el funcionamiento y finalidad de las cookies que se utilizan en nuestro Sitio Web.<\/p>\n<p>&nbsp;<\/p>\n<p>Al hacer clic en cualquier bot\u00f3n, casilla de verificaci\u00f3n o enlace contenido en el Sitio Web, rellenar un formulario o identificarse para acceder a servicios de la web, descargar cualquier contenido o desplazarse por los contenidos de la web, el Usuario manifiesta su aceptaci\u00f3n al uso de cookies que hace el Sitio Web y la instalaci\u00f3n de las mismas en el ordenador utilizado por \u00e9ste para acceder y navegar a trav\u00e9s del mismo (incluyendo, los dispositivos m\u00f3viles y los navegadores); as\u00ed como la recogida y el tratamiento de los datos de car\u00e1cter personal del Usuario de la manera y finalidades descritas en esta Pol\u00edtica de cookies.<\/p>\n<p>&nbsp;<\/p>\n<p><strong>\u00a0<\/strong><\/p>\n<p><strong>\u00bfQu\u00e9 son las cookies?<\/strong><\/p>\n<p><strong>\u00a0<\/strong><\/p>\n<p>Una cookie es un fichero que se descarga en su navegador al acceder a determinadas p\u00e1ginas web. Dicho archivo de texto permite a una p\u00e1gina web, entre otras cosas, almacenar y recuperar informaci\u00f3n sobre los h\u00e1bitos de navegaci\u00f3n de un Usuario o de su equipo y, dependiendo de la informaci\u00f3n que contengan y de la forma en que utilice su equipo, pueden utilizarse para reconocer al Usuario, monitorear, almacenar y recuperar informaci\u00f3n sobre los h\u00e1bitos de navegaci\u00f3n del Usuario (por ejemplo, preferencias, perfil, claves de acceso, etc.) as\u00ed como obtener informaci\u00f3n t\u00e9cnica relacionada con la navegabilidad de las p\u00e1ginas web. Las cookies tambi\u00e9n contribuyen a la funcionalidad, usabilidad y accesibilidad de las p\u00e1ginas web.<\/p>\n<p>&nbsp;<\/p>\n<p>&nbsp;<\/p>\n<p><strong>\u00bfQu\u00e9 tipos de cookies utiliza este Sitio Web?<\/strong><\/p>\n<p>&nbsp;<\/p>\n<p>Cookies propias<\/p>\n<p>&nbsp;<\/p>\n<p>Son aqu\u00e9llas que se env\u00edan al equipo terminal del Usuario desde un equipo o dominio gestionado por nosotros y desde el que se presta el servicio solicitado por el Usuario. Estas cookies permanecen en su navegador, permiti\u00e9ndonos identificarle como Usuario recurrente del Sitio Web y personalizar su contenido para ofrecerle contenidos ajustados a sus preferencias.<\/p>\n<p>&nbsp;<\/p>\n<p>Cookies de sesi\u00f3n<\/p>\n<p>&nbsp;<\/p>\n<p>Son un tipo de cookies dise\u00f1adas para recabar y almacenar datos mientras el Usuario accede a una p\u00e1gina web.<\/p>\n<p>&nbsp;<\/p>\n<p>Cookies de terceros<\/p>\n<p>&nbsp;<\/p>\n<p>Son aqu\u00e9llas que se env\u00edan al equipo terminal del Usuario desde un equipo o dominio que no es gestionado por nosotros, sino por otra entidad que trata los datos obtenidos a trav\u00e9s de las cookies.<\/p>\n<p>&nbsp;<\/p>\n<p>&nbsp;<\/p>\n<p><strong>\u00bfC\u00f3mo puedo bloquear o eliminar las cookies?<\/strong><\/p>\n<p>&nbsp;<\/p>\n<p>Para bloquear o eliminar las cookies instaladas, el Usuario debe configurar las opciones del navegador que utiliza. As\u00ed, si no deseas que se instalen cookies en tu disco duro, debes configurar el navegador para no recibirlas.<\/p>\n<p>&nbsp;<\/p>\n<p>Estos son los enlaces de los principales navegadores que informan sobre el uso de cookies:<\/p>\n<p>&nbsp;<\/p>\n<p>NAVEGADORES PC:<\/p>\n<p>&nbsp;<\/p>\n<p>Firefox:https:\/\/support.mozilla.org\/es\/kb\/habilitar-y-deshabilitar-cookies-que-los-sitios-we<\/p>\n<p>Chrome:https:\/\/support.google.com\/chrome\/answer\/95647?hl=es<\/p>\n<p>Explorer: https:\/\/support.microsoft.com\/es-es\/help\/17442\/windows-internet-explorer-delete-manage-cookies<\/p>\n<p>Edge: https:\/\/support.microsoft.com\/es-es\/help\/17442\/windows-internet-explorer-delete-manage-cookies<\/p>\n<p>Safari: https:\/\/support.apple.com\/kb\/PH19214?locale=es_ES&amp;viewlocale=es_ES<\/p>\n<p>NAVEGADORES DISPOSITIVOS M\u00d3VIL<\/p>\n<p>&nbsp;<\/p>\n<p>IOS: El Usuario puede obtener informaci\u00f3n sobre c\u00f3mo bloquear el uso de cookies y eliminarlas en:<\/p>\n<p>Opera http:\/\/www.opera.com\/es-419\/help\/mini\/ios<\/p>\n<p>Safari https:\/\/support.apple.com\/es-es\/HT201265<\/p>\n<p>Google Chrome<\/p>\n<p>https:\/\/support.google.com\/chrome\/answer\/2392709?hl=es<\/p>\n<p>&nbsp;<\/p>\n<p>Android: El Usuario puede obtener informaci\u00f3n sobre c\u00f3mo bloquear el uso de cookies y eliminarlas en:<\/p>\n<p>Mozilla Firefox https:\/\/support.mozilla.org\/es\/kb\/habilitar-o-deshabilitar-cookies-en-firefox-para-android<\/p>\n<p>Google Chrome<\/p>\n<p>https:\/\/support.google.com\/chrome\/answer\/2392709?hl=es<\/p>\n<p>&nbsp;<\/p>\n<p>Windows Phone 7: El Usuario puede obtener informaci\u00f3n sobre c\u00f3mo bloquear el uso de cookies y eliminarlas en https:\/\/support.microsoft.com\/es-es\/help\/11696\/windows-phone-7<\/p>\n<p>&nbsp;<\/p>\n<p>El bloqueo, la deshabilitaci\u00f3n o la eliminaci\u00f3n de las cookies utilizadas por FACA PACKAGING en el Sitio Web puede afectar a la plena funcionalidad del mismo; haciendo que algunos servicios o funciones del Sitio Web no est\u00e9n disponibles.<\/p>\n<p>&nbsp;<\/p>\n<p>Si usted desea revocar su consentimiento respecto al uso de cookies, p\u00f3ngase en contacto con nosotros a trav\u00e9s del correo electr\u00f3nico <a href=\"mailto:packagingfaca@facasa.com\">packagingfaca@facasa.com<\/a>.<\/p>\n<p>&nbsp;<\/p>\n<p>&nbsp;<\/p>\n<p><strong>Actualizaciones en la Pol\u00edtica de Cookies<\/strong><\/p>\n<p>&nbsp;<\/p>\n<p>Nuestro portal puede modificar esta Pol\u00edtica de Cookies en funci\u00f3n de exigencias legislativas, reglamentarias, o con la finalidad de adaptar dicha pol\u00edtica a las instrucciones dictadas por la Agencia Espa\u00f1ola de Protecci\u00f3n de Datos, por lo que se aconseja a los usuarios que la visiten peri\u00f3dicamente.<\/p>\n","protected":false},"excerpt":{"rendered":"<p>POL\u00cdTICA DE COOKIES: &nbsp; A fin de dar cumplimiento a lo dispuesto en el art\u00edculo 22 de la Ley 34\/2002, de 11 de julio, de servicios de la sociedad de la informaci\u00f3n y de comercio electr\u00f3nico, le informamos que en este Portal Web de Pl\u00e1sticos Faca, S.A (en adelante, \u201cFACA PACKAGING\u201d), www.facapackaging.com, utilizamos cookies para [&hellip;]<\/p>\n","protected":false},"author":8,"featured_media":0,"parent":0,"menu_order":0,"comment_status":"closed","ping_status":"closed","template":"","meta":{"_et_pb_use_builder":"","_et_pb_old_content":"","_et_gb_content_width":""},"_links":{"self":[{"href":"https:\/\/facapackaging.com\/es\/wp-json\/wp\/v2\/pages\/905"}],"collection":[{"href":"https:\/\/facapackaging.com\/es\/wp-json\/wp\/v2\/pages"}],"about":[{"href":"https:\/\/facapackaging.com\/es\/wp-json\/wp\/v2\/types\/page"}],"author":[{"embeddable":true,"href":"https:\/\/facapackaging.com\/es\/wp-json\/wp\/v2\/users\/8"}],"replies":[{"embeddable":true,"href":"https:\/\/facapackaging.com\/es\/wp-json\/wp\/v2\/comments?post=905"}],"version-history":[{"count":5,"href":"https:\/\/facapackaging.com\/es\/wp-json\/wp\/v2\/pages\/905\/revisions"}],"predecessor-version":[{"id":3365,"href":"https:\/\/facapackaging.com\/es\/wp-json\/wp\/v2\/pages\/905\/revisions\/3365"}],"wp:attachment":[{"href":"https:\/\/facapackaging.com\/es\/wp-json\/wp\/v2\/media?parent=905"}],"curies":[{"name":"wp","href":"https:\/\/api.w.org\/{rel}","templated":true}]}}