{"id":716,"date":"2022-01-10T10:19:01","date_gmt":"2022-01-10T10:19:01","guid":{"rendered":"\/\/facapackaging.com\/?page_id=716\/"},"modified":"2022-04-14T10:36:13","modified_gmt":"2022-04-14T10:36:13","slug":"entreprise-fabricant-emballage-cosmetique","status":"publish","type":"page","link":"https:\/\/facapackaging.com\/fr\/entreprise-fabricant-emballage-cosmetique\/","title":{"rendered":"Entreprise"},"content":{"rendered":"<p>[et_pb_section fb_built=&#8221;1&#8243; custom_padding_last_edited=&#8221;on|desktop&#8221; admin_label=&#8221;section&#8221; _builder_version=&#8221;4.6.6&#8243; background_image=&#8221;https:\/\/facapackaging.com\/wp-content\/uploads\/2021\/03\/oficinas-e1616057528975.png&#8221; background_size=&#8221;contain&#8221; custom_padding=&#8221;0px|0px|250px|0px&#8221; custom_padding_tablet=&#8221;50px|0|50px|0&#8243; custom_padding_phone=&#8221;&#8221; padding_mobile=&#8221;off&#8221;][et_pb_row padding_mobile=&#8221;off&#8221; column_padding_mobile=&#8221;on&#8221; admin_label=&#8221;row&#8221; _builder_version=&#8221;3.25&#8243; background_size=&#8221;initial&#8221; background_position=&#8221;top_left&#8221; background_repeat=&#8221;repeat&#8221; custom_padding=&#8221;0px|0px|30px|0px&#8221;][et_pb_column type=&#8221;4_4&#8243; _builder_version=&#8221;3.25&#8243; custom_padding=&#8221;|||&#8221; custom_padding__hover=&#8221;|||&#8221;][et_pb_text admin_label=&#8221;Text&#8221; _builder_version=&#8221;4.6.6&#8243; header_font=&#8221;Raleway|on||on|&#8221; background_size=&#8221;initial&#8221; background_position=&#8221;top_left&#8221; background_repeat=&#8221;repeat&#8221; text_orientation=&#8221;center&#8221; background_layout=&#8221;dark&#8221; module_alignment=&#8221;center&#8221;][\/et_pb_text][\/et_pb_column][\/et_pb_row][\/et_pb_section][et_pb_section fb_built=&#8221;1&#8243; custom_padding_last_edited=&#8221;on|desktop&#8221; admin_label=&#8221;section&#8221; _builder_version=&#8221;3.22&#8243; custom_padding=&#8221;30px|0px|30px|0px&#8221; custom_padding_tablet=&#8221;50px|0|50px|0&#8243; custom_padding_phone=&#8221;&#8221; padding_mobile=&#8221;off&#8221;][et_pb_row padding_mobile=&#8221;off&#8221; column_padding_mobile=&#8221;on&#8221; admin_label=&#8221;row&#8221; _builder_version=&#8221;4.6.6&#8243; background_size=&#8221;initial&#8221; background_position=&#8221;top_left&#8221; background_repeat=&#8221;repeat&#8221; custom_padding=&#8221;30px|0px|30px|0px&#8221;][et_pb_column type=&#8221;4_4&#8243; _builder_version=&#8221;3.25&#8243; custom_padding=&#8221;|||&#8221; custom_padding__hover=&#8221;|||&#8221;][et_pb_text admin_label=&#8221;Text&#8221; _builder_version=&#8221;4.6.6&#8243; text_font=&#8221;Raleway Light||on||&#8221; text_text_color=&#8221;#4467a7&#8243; text_font_size=&#8221;19px&#8221; background_size=&#8221;initial&#8221; background_position=&#8221;top_left&#8221; background_repeat=&#8221;repeat&#8221; custom_margin=&#8221;||10px|&#8221;]<\/p>\n<p>Notre entreprise<\/p>\n<hr \/>\n<p>&nbsp;<\/p>\n<p>[\/et_pb_text][et_pb_text admin_label=&#8221;Text&#8221; _builder_version=&#8221;4.6.6&#8243; text_text_color=&#8221;#6d6f71&#8243; text_font_size=&#8221;16px&#8221; header_font_size=&#8221;28px&#8221; header_line_height=&#8221;1.2em&#8221; background_size=&#8221;initial&#8221; background_position=&#8221;top_left&#8221; background_repeat=&#8221;repeat&#8221;]<\/p>\n<h1>Fond\u00e9e il y a plus de 50 ans, Faca Packaging\u00a0est le leader mondial dans le design et la <strong>fabrication d\u2019emballage cosm\u00e9tique<\/strong> de haute gamme ainsi que dans les designs exclusifs pour le <strong>secteur de la beaut\u00e9.<\/strong><\/h1>\n<p>L\u2019investissement important en R&amp;D est la cl\u00e9 de notre succ\u00e8s , avec plus de 300 brevets actifs, nous utilisons un syst\u00e8me d\u2019<strong>innovation continu<\/strong>, avec un centre de production 100% en <strong>SALLE BLANCHE<\/strong> et une stricte application de la norme ISO 9001:2015. Notre entreprise est en constante \u00e9volution, orient\u00e9e vers le client avec une \u00e9quipe humaine d\u00e9di\u00e9e, et sur laquelle notre succ\u00e8s se base en pouvant offrir toutes les solutions requises sur le march\u00e9 actuel. Nous sommes fiers d\u2019\u00eatre l\u2019une des premi\u00e8res entreprises au monde \u00e0 <strong>fabriquer<\/strong> des pots et bouteilles haute gamme. Visitez notre nouveau\u00a0<a href=\"https:\/\/facapackaging.com\/ask-catalogue\/\">Digital Catalogue<\/a><\/p>\n<p>[\/et_pb_text][\/et_pb_column][\/et_pb_row][\/et_pb_section][et_pb_section fb_built=&#8221;1&#8243; fullwidth=&#8221;on&#8221; _builder_version=&#8221;4.6.6&#8243; _module_preset=&#8221;default&#8221; locked=&#8221;off&#8221;][et_pb_fullwidth_image src=&#8221;https:\/\/facapackaging.com\/wp-content\/uploads\/2021\/09\/cosmetic-smile.png&#8221; title_text=&#8221;cosmetic-smile&#8221; _builder_version=&#8221;4.6.6&#8243; _module_preset=&#8221;default&#8221;][\/et_pb_fullwidth_image][et_pb_fullwidth_header title=&#8221;Faca Packaging s&#8217;engage \u00e0 r\u00e9duire les impacts des plastiques \u00e0 base de p\u00e9trole en d\u00e9veloppant des emballages recyclables&#8221; subhead=&#8221;et encourager l&#8217;utilisation de plastiques recycl\u00e9s, de bioplastiques et d&#8217;alternatives d&#8217;emballages rechargeables.&#8221; _builder_version=&#8221;4.6.6&#8243; _module_preset=&#8221;default&#8221; title_level=&#8221;h2&#8243; title_font=&#8221;Arial||||||||&#8221; title_font_size=&#8221;29px&#8221; title_letter_spacing=&#8221;5px&#8221; title_line_height=&#8221;1.1em&#8221; subhead_font=&#8221;Arial||||||||&#8221; subhead_font_size=&#8221;23px&#8221; subhead_letter_spacing=&#8221;4px&#8221; subhead_line_height=&#8221;1.1em&#8221; background_color=&#8221;#00457a&#8221;][\/et_pb_fullwidth_header][\/et_pb_section][et_pb_section fb_built=&#8221;1&#8243; custom_padding_last_edited=&#8221;on|desktop&#8221; admin_label=&#8221;section&#8221; _builder_version=&#8221;3.22&#8243; background_color=&#8221;#ffffff&#8221; custom_padding=&#8221;50px|0px|50px|0px&#8221; custom_padding_tablet=&#8221;50px|0|50px|0&#8243; custom_padding_phone=&#8221;&#8221; padding_mobile=&#8221;off&#8221;][et_pb_row column_structure=&#8221;1_4,1_4,1_4,1_4&#8243; padding_mobile=&#8221;off&#8221; column_padding_mobile=&#8221;on&#8221; admin_label=&#8221;row&#8221; _builder_version=&#8221;3.25&#8243; background_size=&#8221;initial&#8221; background_position=&#8221;top_left&#8221; background_repeat=&#8221;repeat&#8221; custom_padding=&#8221;50px|0px|50px|0px&#8221;][et_pb_column type=&#8221;1_4&#8243; _builder_version=&#8221;3.25&#8243; custom_padding=&#8221;|||&#8221; custom_padding__hover=&#8221;|||&#8221;][et_pb_text admin_label=&#8221;Text&#8221; _builder_version=&#8221;4.6.6&#8243; text_font=&#8221;Raleway Light||on||&#8221; text_text_color=&#8221;#4467a7&#8243; text_font_size=&#8221;19px&#8221; background_size=&#8221;initial&#8221; background_position=&#8221;top_left&#8221; background_repeat=&#8221;repeat&#8221; custom_margin=&#8221;||10px|&#8221;]<\/p>\n<p>Notre mission<\/p>\n<hr \/>\n<p>&nbsp;<\/p>\n<p>[\/et_pb_text][et_pb_text admin_label=&#8221;Text&#8221; _builder_version=&#8221;4.6.6&#8243; text_text_color=&#8221;#6d6f71&#8243; text_font_size=&#8221;16px&#8221; header_font=&#8221;|on|||&#8221; header_font_size=&#8221;28px&#8221; header_line_height=&#8221;1.2em&#8221; background_size=&#8221;initial&#8221; background_position=&#8221;top_left&#8221; background_repeat=&#8221;repeat&#8221;]<\/p>\n<h3>Rendre l\u2019impossible possible<\/h3>\n<p>Satisfaire nos clients en offrant une solution unique en termes de co\u00fbt, de <strong>qualit\u00e9<\/strong> et de <strong>d\u00e9lai<\/strong> moyennant un engagement absolu de notre \u00e9quipe. Notre d\u00e9fi est de faire de toute demande de nos clients une r\u00e9alit\u00e9. Rendre l\u2019impossible possible est notre engagement.<\/p>\n<p>[\/et_pb_text][\/et_pb_column][et_pb_column type=&#8221;1_4&#8243; _builder_version=&#8221;3.25&#8243; custom_padding=&#8221;|||&#8221; custom_padding__hover=&#8221;|||&#8221;][et_pb_text admin_label=&#8221;Text&#8221; _builder_version=&#8221;4.6.6&#8243; text_font=&#8221;Raleway Light||on||&#8221; text_text_color=&#8221;#4467a7&#8243; text_font_size=&#8221;19px&#8221; background_size=&#8221;initial&#8221; background_position=&#8221;top_left&#8221; background_repeat=&#8221;repeat&#8221; custom_margin=&#8221;||10px|&#8221;]<\/p>\n<p>Nos employ\u00e9s<\/p>\n<hr \/>\n<p>&nbsp;<\/p>\n<p>[\/et_pb_text][et_pb_text admin_label=&#8221;Text&#8221; _builder_version=&#8221;4.6.6&#8243; text_text_color=&#8221;#6d6f71&#8243; text_font_size=&#8221;16px&#8221; header_font=&#8221;|on|||&#8221; header_font_size=&#8221;28px&#8221; header_line_height=&#8221;1.2em&#8221; background_size=&#8221;initial&#8221; background_position=&#8221;top_left&#8221; background_repeat=&#8221;repeat&#8221;]<\/p>\n<h3>Nous comptons sur la meilleure \u00e9quipe<\/h3>\n<p>Le talent, la cr\u00e9ativit\u00e9 et l&#8217;exp\u00e9rience font de notre entreprise un leader de l&#8217;innovation dans la <strong>cr\u00e9ation d&#8217;emballages cosm\u00e9tiques durables<\/strong>. .<\/p>\n<p>[\/et_pb_text][\/et_pb_column][et_pb_column type=&#8221;1_4&#8243; _builder_version=&#8221;3.25&#8243; custom_padding=&#8221;|||&#8221; custom_padding__hover=&#8221;|||&#8221;][et_pb_text admin_label=&#8221;Text&#8221; _builder_version=&#8221;4.6.6&#8243; text_font=&#8221;Raleway Light||on||&#8221; text_text_color=&#8221;#4467a7&#8243; text_font_size=&#8221;19px&#8221; background_size=&#8221;initial&#8221; background_position=&#8221;top_left&#8221; background_repeat=&#8221;repeat&#8221; custom_margin=&#8221;||10px|&#8221;]<\/p>\n<p>Nos clients<\/p>\n<hr \/>\n<p>&nbsp;<\/p>\n<p>[\/et_pb_text][et_pb_text admin_label=&#8221;Text&#8221; _builder_version=&#8221;4.6.6&#8243; text_text_color=&#8221;#6d6f71&#8243; text_font_size=&#8221;16px&#8221; header_font=&#8221;|on|||&#8221; header_font_size=&#8221;28px&#8221; header_line_height=&#8221;1.2em&#8221; background_size=&#8221;initial&#8221; background_position=&#8221;top_left&#8221; background_repeat=&#8221;repeat&#8221;]<\/p>\n<h3>Les marques les plus connues<\/h3>\n<p>Notre portefeuille clients est repr\u00e9sent\u00e9 par les marques les plus connues du <strong>secteur des cosm\u00e9tiques<\/strong>, autant en Espagne qu\u2019au niveau mondial, en vendant <strong>\u00e0 plus de 100 pays<\/strong>. Le pourcentage de l\u2019exportation d\u00e9passe les 80%. Notre objectif principal : la <strong>satisfaction de nos clients<\/strong>.<\/p>\n<p>[\/et_pb_text][\/et_pb_column][et_pb_column type=&#8221;1_4&#8243; _builder_version=&#8221;3.25&#8243; custom_padding=&#8221;|||&#8221; custom_padding__hover=&#8221;|||&#8221;][et_pb_text admin_label=&#8221;Text&#8221; _builder_version=&#8221;4.6.6&#8243; text_font=&#8221;Raleway Light||on||&#8221; text_text_color=&#8221;#4467a7&#8243; text_font_size=&#8221;19px&#8221; background_size=&#8221;initial&#8221; background_position=&#8221;top_left&#8221; background_repeat=&#8221;repeat&#8221; custom_margin=&#8221;||10px|&#8221;]<\/p>\n<p>Nos emballages<\/p>\n<hr \/>\n<p>&nbsp;<\/p>\n<p>[\/et_pb_text][et_pb_text admin_label=&#8221;Text&#8221; _builder_version=&#8221;4.6.6&#8243; text_text_color=&#8221;#6d6f71&#8243; text_font_size=&#8221;16px&#8221; header_font=&#8221;|on|||&#8221; header_font_size=&#8221;28px&#8221; header_line_height=&#8221;1.2em&#8221; background_size=&#8221;initial&#8221; background_position=&#8221;top_left&#8221; background_repeat=&#8221;repeat&#8221; hover_enabled=&#8221;0&#8243; sticky_enabled=&#8221;0&#8243;]<\/p>\n<h3><strong>Emballages cosm\u00e9tiques <\/strong>du march\u00e9, <strong>fabriqu\u00e9s en Europe<\/strong>.<\/h3>\n<p>Notre service R&amp;D nous permet de r\u00e9aliser tout type de combinaisons, fournisseur <strong>emballage cosm\u00e9tique recyclable,<\/strong>. Possibilit\u00e9 d\u2019\u00e9tendre notre catalogue \u00e0 l\u2019infini. Nous travaillons avec toutes les <strong>mati\u00e8res plastiques recycl\u00e9es et recyclables<\/strong>, les mat\u00e9riaux <strong>bio et \u00e9cologiques<\/strong> pour soutenir l&#8217; <strong>\u00e9conomie circulaire<\/strong>.. Notre atelier de moules s\u2019occupe de donner forme et r\u00e9alit\u00e9 \u00e0 tout demande exclusive de nos clients.<\/p>\n<p>[\/et_pb_text][\/et_pb_column][\/et_pb_row][et_pb_row column_structure=&#8221;1_2,1_2&#8243; _builder_version=&#8221;4.6.6&#8243; _module_preset=&#8221;default&#8221;][et_pb_column type=&#8221;1_2&#8243; _builder_version=&#8221;4.6.6&#8243; _module_preset=&#8221;default&#8221;][et_pb_code _builder_version=&#8221;4.6.6&#8243; _module_preset=&#8221;default&#8221; locked=&#8221;off&#8221;]<iframe src=\"https:\/\/player.vimeo.com\/video\/523753453\" width=\"640\" height=\"360\" frameborder=\"0\" allow=\"autoplay; fullscreen; picture-in-picture\" allowfullscreen><\/iframe><!-- [et_pb_line_break_holder] --><pee><a href=\"https:\/\/vimeo.com\/523753453\">Faca Packaging is committed to Sustainability<\/a> <\/pee>[\/et_pb_code][\/et_pb_column][et_pb_column type=&#8221;1_2&#8243; _builder_version=&#8221;4.6.6&#8243; _module_preset=&#8221;default&#8221;][et_pb_image src=&#8221;https:\/\/facapackaging.com\/wp-content\/uploads\/2020\/10\/certificados_fr1.jpg&#8221; alt=&#8221;Certificat \u00e9nerg\u00e9tique&#8221; title_text=&#8221;Certificat \u00e9nerg\u00e9tique&#8221; _builder_version=&#8221;4.5.3&#8243; _module_preset=&#8221;default&#8221;][\/et_pb_image][\/et_pb_column][\/et_pb_row][\/et_pb_section][et_pb_section fb_built=&#8221;1&#8243; fullwidth=&#8221;on&#8221; _builder_version=&#8221;4.6.6&#8243; _module_preset=&#8221;default&#8221;][et_pb_fullwidth_header title=&#8221;L&#8217;\u00e9quipe de Faca Packaging s&#8217;engage \u00e0 aider de mani\u00e8re proactive les entreprises du secteur de la beaut\u00e9 \u00e0 fournir des soins de haute qualit\u00e9 \u00e0 leur id\u00e9al de Beaut\u00e9 de Luxe. En d\u00e9veloppant leurs r\u00e9f\u00e9rences durables par le biais de leur s\u00e9lection d&#8217;emballages primaires.&#8221; subhead=&#8221;Alors que le mouvement vert dans le secteur des cosm\u00e9tiques et des soins de la peau prend de l&#8217;ampleur, le d\u00e9veloppement et la fabrication d&#8217;emballages et de mat\u00e9riaux \u00e9cologiques ayant un faible impact sur l&#8217;environnement sont au premier plan du programme d&#8217;innovation de Faca Packaging&#8221; _builder_version=&#8221;4.6.6&#8243; _module_preset=&#8221;default&#8221; title_level=&#8221;h2&#8243; title_font=&#8221;Arial||||||||&#8221; title_font_size=&#8221;29px&#8221; title_letter_spacing=&#8221;5px&#8221; title_line_height=&#8221;1.1em&#8221; subhead_font=&#8221;Arial||||||||&#8221; subhead_font_size=&#8221;23px&#8221; subhead_letter_spacing=&#8221;4px&#8221; subhead_line_height=&#8221;1.1em&#8221; background_color=&#8221;#00457a&#8221;][\/et_pb_fullwidth_header][\/et_pb_section][et_pb_section fb_built=&#8221;1&#8243; disabled_on=&#8221;on|on|on&#8221; module_class=&#8221;seccion_imagen_circular&#8221; _builder_version=&#8221;3.22&#8243; background_color=&#8221;#f8f8f8&#8243; custom_padding=&#8221;40px|0px|50px|0px&#8221; disabled=&#8221;on&#8221; saved_tabs=&#8221;all&#8221;][et_pb_row column_structure=&#8221;1_3,1_3,1_3&#8243; _builder_version=&#8221;3.25&#8243;][et_pb_column type=&#8221;1_3&#8243; _builder_version=&#8221;3.25&#8243; custom_padding=&#8221;|||&#8221; custom_padding__hover=&#8221;|||&#8221;][et_pb_image src=&#8221;https:\/\/facapack.com\/wp-content\/uploads\/2017\/06\/1.jpg&#8221; align=&#8221;center&#8221; align_tablet=&#8221;center&#8221; align_phone=&#8221;&#8221; align_last_edited=&#8221;on|desktop&#8221; _builder_version=&#8221;3.23&#8243; animation_style=&#8221;slide&#8221; animation_direction=&#8221;left&#8221; animation_duration=&#8221;500ms&#8221; animation_intensity_slide=&#8221;10%&#8221;][\/et_pb_image][\/et_pb_column][et_pb_column type=&#8221;1_3&#8243; _builder_version=&#8221;3.25&#8243; custom_padding=&#8221;|||&#8221; custom_padding__hover=&#8221;|||&#8221;][et_pb_image src=&#8221;https:\/\/facapack.com\/wp-content\/uploads\/2017\/06\/2.jpg&#8221; align=&#8221;center&#8221; align_tablet=&#8221;center&#8221; align_phone=&#8221;&#8221; align_last_edited=&#8221;on|desktop&#8221; _builder_version=&#8221;3.23&#8243; animation_style=&#8221;slide&#8221; animation_direction=&#8221;left&#8221; animation_duration=&#8221;500ms&#8221; animation_intensity_slide=&#8221;10%&#8221;][\/et_pb_image][\/et_pb_column][et_pb_column type=&#8221;1_3&#8243; _builder_version=&#8221;3.25&#8243; custom_padding=&#8221;|||&#8221; custom_padding__hover=&#8221;|||&#8221;][et_pb_image src=&#8221;https:\/\/facapack.com\/wp-content\/uploads\/2017\/06\/3.jpg&#8221; align=&#8221;center&#8221; align_tablet=&#8221;center&#8221; align_phone=&#8221;&#8221; align_last_edited=&#8221;on|desktop&#8221; _builder_version=&#8221;3.23&#8243; animation_style=&#8221;slide&#8221; animation_direction=&#8221;left&#8221; animation_duration=&#8221;500ms&#8221; animation_intensity_slide=&#8221;10%&#8221;][\/et_pb_image][\/et_pb_column][\/et_pb_row][\/et_pb_section][et_pb_section fb_built=&#8221;1&#8243; custom_padding_last_edited=&#8221;on|desktop&#8221; admin_label=&#8221;section&#8221; _builder_version=&#8221;4.6.6&#8243; background_color=&#8221;#000000&#8243; background_enable_image=&#8221;off&#8221; parallax=&#8221;on&#8221; custom_padding=&#8221;80px|0px|80px|0px&#8221; custom_padding_tablet=&#8221;50px|0|50px|0&#8243; custom_padding_phone=&#8221;&#8221; padding_mobile=&#8221;off&#8221;][et_pb_row column_structure=&#8221;1_3,1_3,1_3&#8243; padding_mobile=&#8221;off&#8221; column_padding_mobile=&#8221;on&#8221; admin_label=&#8221;row&#8221; _builder_version=&#8221;4.6.6&#8243; background_size=&#8221;initial&#8221; background_position=&#8221;top_left&#8221; background_repeat=&#8221;repeat&#8221; custom_padding=&#8221;80px|0px|80px|0px&#8221;][et_pb_column type=&#8221;1_3&#8243; _builder_version=&#8221;3.25&#8243; custom_padding=&#8221;|||&#8221; custom_padding__hover=&#8221;|||&#8221;][et_pb_text admin_label=&#8221;Text&#8221; _builder_version=&#8221;4.6.6&#8243; text_font_size=&#8221;16px&#8221; text_letter_spacing=&#8221;1px&#8221; header_font=&#8221;Roboto Light||||&#8221; header_font_size=&#8221;78px&#8221; background_size=&#8221;initial&#8221; background_position=&#8221;top_left&#8221; background_repeat=&#8221;repeat&#8221; background_layout=&#8221;dark&#8221;]<\/p>\n<h1><i class=\"fa fa-line-chart\"><\/i> +50<\/h1>\n<p>+50 ANS D&#8217;EXP\u00c9RIENCE<\/p>\n<p>[\/et_pb_text][\/et_pb_column][et_pb_column type=&#8221;1_3&#8243; _builder_version=&#8221;3.25&#8243; custom_padding=&#8221;|||&#8221; custom_padding__hover=&#8221;|||&#8221;][et_pb_text admin_label=&#8221;Text&#8221; _builder_version=&#8221;4.6.6&#8243; text_font_size=&#8221;16px&#8221; text_letter_spacing=&#8221;1px&#8221; header_font=&#8221;Roboto Light||||&#8221; header_font_size=&#8221;78px&#8221; background_size=&#8221;initial&#8221; background_position=&#8221;top_left&#8221; background_repeat=&#8221;repeat&#8221; background_layout=&#8221;dark&#8221;]<\/p>\n<h1><i class=\"fa fa-check\"><\/i> +300<\/h1>\n<p>+300 BREVETS ACTIFS<\/p>\n<p>[\/et_pb_text][et_pb_text admin_label=&#8221;Text&#8221; _builder_version=&#8221;3.27.4&#8243; background_size=&#8221;initial&#8221; background_position=&#8221;top_left&#8221; background_repeat=&#8221;repeat&#8221; background_layout=&#8221;dark&#8221;] <i class=\"fa fa-font-awesome\"><\/i> [\/et_pb_text][\/et_pb_column][et_pb_column type=&#8221;1_3&#8243; _builder_version=&#8221;3.25&#8243; custom_padding=&#8221;|||&#8221; custom_padding__hover=&#8221;|||&#8221;][et_pb_text admin_label=&#8221;Text&#8221; _builder_version=&#8221;4.6.6&#8243; text_font=&#8221;|||on|&#8221; text_font_size=&#8221;16px&#8221; text_letter_spacing=&#8221;1px&#8221; header_font=&#8221;Roboto Light||||&#8221; header_font_size=&#8221;78px&#8221; background_size=&#8221;initial&#8221; background_position=&#8221;top_left&#8221; background_repeat=&#8221;repeat&#8221; background_layout=&#8221;dark&#8221;]<\/p>\n<h1><i class=\"fa fa-globe\"><\/i> +100<\/h1>\n<p>VENDANT \u00c0 PLUS DE 100 PAYS<\/p>\n<p>[\/et_pb_text][\/et_pb_column][\/et_pb_row][\/et_pb_section]<\/p>\n","protected":false},"excerpt":{"rendered":"<p>[et_pb_section fb_built=&#8221;1&#8243; custom_padding_last_edited=&#8221;on|desktop&#8221; admin_label=&#8221;section&#8221; _builder_version=&#8221;4.6.6&#8243; background_image=&#8221;https:\/\/facapackaging.com\/wp-content\/uploads\/2021\/03\/oficinas-e1616057528975.png&#8221; background_size=&#8221;contain&#8221; custom_padding=&#8221;0px|0px|250px|0px&#8221; custom_padding_tablet=&#8221;50px|0|50px|0&#8243; custom_padding_phone=&#8221;&#8221; padding_mobile=&#8221;off&#8221;][et_pb_row padding_mobile=&#8221;off&#8221; column_padding_mobile=&#8221;on&#8221; admin_label=&#8221;row&#8221; _builder_version=&#8221;3.25&#8243; background_size=&#8221;initial&#8221; background_position=&#8221;top_left&#8221; background_repeat=&#8221;repeat&#8221; custom_padding=&#8221;0px|0px|30px|0px&#8221;][et_pb_column type=&#8221;4_4&#8243; _builder_version=&#8221;3.25&#8243; custom_padding=&#8221;|||&#8221; custom_padding__hover=&#8221;|||&#8221;][et_pb_text admin_label=&#8221;Text&#8221; _builder_version=&#8221;4.6.6&#8243; header_font=&#8221;Raleway|on||on|&#8221; background_size=&#8221;initial&#8221; background_position=&#8221;top_left&#8221; background_repeat=&#8221;repeat&#8221; text_orientation=&#8221;center&#8221; background_layout=&#8221;dark&#8221; module_alignment=&#8221;center&#8221;][\/et_pb_text][\/et_pb_column][\/et_pb_row][\/et_pb_section][et_pb_section fb_built=&#8221;1&#8243; custom_padding_last_edited=&#8221;on|desktop&#8221; admin_label=&#8221;section&#8221; _builder_version=&#8221;3.22&#8243; custom_padding=&#8221;30px|0px|30px|0px&#8221; custom_padding_tablet=&#8221;50px|0|50px|0&#8243; custom_padding_phone=&#8221;&#8221; padding_mobile=&#8221;off&#8221;][et_pb_row padding_mobile=&#8221;off&#8221; column_padding_mobile=&#8221;on&#8221; admin_label=&#8221;row&#8221; _builder_version=&#8221;4.6.6&#8243; background_size=&#8221;initial&#8221; background_position=&#8221;top_left&#8221; background_repeat=&#8221;repeat&#8221; custom_padding=&#8221;30px|0px|30px|0px&#8221;][et_pb_column type=&#8221;4_4&#8243; _builder_version=&#8221;3.25&#8243; custom_padding=&#8221;|||&#8221; custom_padding__hover=&#8221;|||&#8221;][et_pb_text admin_label=&#8221;Text&#8221; _builder_version=&#8221;4.6.6&#8243; text_font=&#8221;Raleway [&hellip;]<\/p>\n","protected":false},"author":8,"featured_media":7692,"parent":0,"menu_order":0,"comment_status":"closed","ping_status":"closed","template":"","meta":{"_et_pb_use_builder":"on","_et_pb_old_content":"","_et_gb_content_width":""},"_links":{"self":[{"href":"https:\/\/facapackaging.com\/fr\/wp-json\/wp\/v2\/pages\/716"}],"collection":[{"href":"https:\/\/facapackaging.com\/fr\/wp-json\/wp\/v2\/pages"}],"about":[{"href":"https:\/\/facapackaging.com\/fr\/wp-json\/wp\/v2\/types\/page"}],"author":[{"embeddable":true,"href":"https:\/\/facapackaging.com\/fr\/wp-json\/wp\/v2\/users\/8"}],"replies":[{"embeddable":true,"href":"https:\/\/facapackaging.com\/fr\/wp-json\/wp\/v2\/comments?post=716"}],"version-history":[{"count":52,"href":"https:\/\/facapackaging.com\/fr\/wp-json\/wp\/v2\/pages\/716\/revisions"}],"predecessor-version":[{"id":10506,"href":"https:\/\/facapackaging.com\/fr\/wp-json\/wp\/v2\/pages\/716\/revisions\/10506"}],"wp:featuredmedia":[{"embeddable":true,"href":"https:\/\/facapackaging.com\/fr\/wp-json\/wp\/v2\/media\/7692"}],"wp:attachment":[{"href":"https:\/\/facapackaging.com\/fr\/wp-json\/wp\/v2\/media?parent=716"}],"curies":[{"name":"wp","href":"https:\/\/api.w.org\/{rel}","templated":true}]}}