{"id":9496,"date":"2021-11-17T11:42:03","date_gmt":"2021-11-17T11:42:03","guid":{"rendered":"https:\/\/facapackaging.com\/register-pcd-paris\/"},"modified":"2022-06-10T13:23:28","modified_gmt":"2022-06-10T13:23:28","slug":"visitez-pcd-paris","status":"publish","type":"page","link":"https:\/\/facapackaging.com\/fr\/visitez-pcd-paris\/","title":{"rendered":"PCD PARIS"},"content":{"rendered":"<p>[et_pb_section fb_built=&#8221;1&#8243; fullwidth=&#8221;on&#8221; disabled_on=&#8221;on|off|off&#8221; _builder_version=&#8221;4.6.6&#8243; _module_preset=&#8221;default&#8221;][et_pb_fullwidth_header _builder_version=&#8221;4.6.6&#8243; _module_preset=&#8221;default&#8221; background_enable_color=&#8221;off&#8221; background_video_mp4=&#8221;https:\/\/facapackaging.com\/wp-content\/uploads\/2021\/11\/pack2sustainability.mp4&#8243; background_color_phone=&#8221;rgba(0,0,0,0)&#8221; background_last_edited=&#8221;on|phone&#8221; background_enable_color_phone=&#8221;on&#8221; background_enable_video_mp4_phone=&#8221;off&#8221;]<\/p>\n<p>&nbsp;<\/p>\n<p>&nbsp;<\/p>\n<p>&nbsp;<\/p>\n<p>&nbsp;<\/p>\n<p>&nbsp;<\/p>\n<p>&nbsp;<\/p>\n<p>&nbsp;<\/p>\n<p>&nbsp;<\/p>\n<p>&nbsp;<\/p>\n<p>&nbsp;<\/p>\n<p>&nbsp;<\/p>\n<p>&nbsp;<\/p>\n<p>&nbsp;<\/p>\n<p>&nbsp;<\/p>\n<p>&nbsp;<\/p>\n<p>&nbsp;<\/p>\n<p>&nbsp;<\/p>\n<p>&nbsp;<\/p>\n<p>&nbsp;<\/p>\n<p>[\/et_pb_fullwidth_header][\/et_pb_section][et_pb_section fb_built=&#8221;1&#8243; _builder_version=&#8221;4.6.6&#8243; _module_preset=&#8221;default&#8221;][et_pb_row column_structure=&#8221;1_2,1_2&#8243; _builder_version=&#8221;4.6.6&#8243; _module_preset=&#8221;default&#8221;][et_pb_column type=&#8221;1_2&#8243; _builder_version=&#8221;4.6.6&#8243; _module_preset=&#8221;default&#8221;][et_pb_text _builder_version=&#8221;4.6.6&#8243; _module_preset=&#8221;default&#8221;]<\/p>\n<p><strong>Nous sommes des fabricants d&#8217;emballages cosm\u00e9tiques durables de haute qualit\u00e9.<\/strong><\/p>\n<p>Visit us at PCD PARIS 2022<\/p>\n<p>[\/et_pb_text][et_pb_image src=&#8221;https:\/\/facapackaging.com\/wp-content\/uploads\/2022\/06\/paris2.jpg&#8221; alt=&#8221;Faca Packaging&#8221; title_text=&#8221;paris2&#8243; _builder_version=&#8221;4.6.6&#8243; _module_preset=&#8221;default&#8221; border_width_all=&#8221;0px&#8221; box_shadow_style=&#8221;preset2&#8243;][\/et_pb_image][et_pb_image src=&#8221;https:\/\/facapackaging.com\/wp-content\/uploads\/2021\/11\/eco2.jpg&#8221; alt=&#8221;Biobased Material Cosmetic Packaging&#8221; title_text=&#8221;Faca Packaging Cosmetique Packaging&#8221; _builder_version=&#8221;4.6.6&#8243; _module_preset=&#8221;default&#8221; hover_enabled=&#8221;0&#8243; border_width_all=&#8221;0px&#8221; box_shadow_style=&#8221;preset1&#8243; sticky_enabled=&#8221;0&#8243;][\/et_pb_image][\/et_pb_column][et_pb_column type=&#8221;1_2&#8243; _builder_version=&#8221;4.6.6&#8243; _module_preset=&#8221;default&#8221;][et_pb_code _builder_version=&#8221;4.6.6&#8243; _module_preset=&#8221;default&#8221;]<div role=\"form\" class=\"wpcf7\" id=\"wpcf7-f8005-o1\" lang=\"en-US\" dir=\"ltr\">\n<div class=\"screen-reader-response\"><p role=\"status\" aria-live=\"polite\" aria-atomic=\"true\"><\/p> <ul><\/ul><\/div>\n<form action=\"\/fr\/wp-json\/wp\/v2\/pages\/9496#wpcf7-f8005-o1\" method=\"post\" class=\"wpcf7-form init\" novalidate=\"novalidate\" data-status=\"init\">\n<div style=\"display: none;\">\n<input type=\"hidden\" name=\"_wpcf7\" value=\"8005\" \/>\n<input type=\"hidden\" name=\"_wpcf7_version\" value=\"5.5.6.1\" \/>\n<input type=\"hidden\" name=\"_wpcf7_locale\" value=\"en_US\" \/>\n<input type=\"hidden\" name=\"_wpcf7_unit_tag\" value=\"wpcf7-f8005-o1\" \/>\n<input type=\"hidden\" name=\"_wpcf7_container_post\" value=\"0\" \/>\n<input type=\"hidden\" name=\"_wpcf7_posted_data_hash\" value=\"\" \/>\n<input type=\"hidden\" name=\"_wpcf7_recaptcha_response\" value=\"\" \/>\n<\/div>\n<p><label> Your Name (required)<br \/>\n    <span class=\"wpcf7-form-control-wrap your-name\"><input type=\"text\" name=\"your-name\" value=\"\" size=\"40\" class=\"wpcf7-form-control wpcf7-text wpcf7-validates-as-required\" aria-required=\"true\" aria-invalid=\"false\" \/><\/span> <\/label><\/p>\n<p><label> Your Email (required)<br \/>\n    <span class=\"wpcf7-form-control-wrap your-email\"><input type=\"email\" name=\"your-email\" value=\"\" size=\"40\" class=\"wpcf7-form-control wpcf7-text wpcf7-email wpcf7-validates-as-required wpcf7-validates-as-email\" aria-required=\"true\" aria-invalid=\"false\" \/><\/span><br \/>\n<label> Company Name  <\/label>(required)<br \/>\n<span class=\"wpcf7-form-control-wrap Company\"><input type=\"text\" name=\"Company\" value=\"\" size=\"40\" class=\"wpcf7-form-control wpcf7-text wpcf7-validates-as-required\" aria-required=\"true\" aria-invalid=\"false\" \/><\/span><br \/>\n<label> Explain your project <\/label> (required) <\/p>\n<p><span class=\"wpcf7-form-control-wrap your-message\"><textarea name=\"your-message\" cols=\"40\" rows=\"10\" class=\"wpcf7-form-control wpcf7-textarea wpcf7-validates-as-required\" aria-required=\"true\" aria-invalid=\"false\" placeholder=\"Explain your project\"><\/textarea><\/span><\/p>\n<p><br \/>\n<label><span class=\"wpcf7-form-control-wrap acceptance-aceptacion\"><span class=\"wpcf7-form-control wpcf7-acceptance\"><span class=\"wpcf7-list-item\"><input type=\"checkbox\" name=\"acceptance-aceptacion\" value=\"1\" aria-invalid=\"false\" \/><\/span><\/span><\/span> I accept the <a href=\"https:\/\/facapackaging.com\/legal-notice-and-conditions-of-use\/\" target=\"_blank\"> legal terms <\/a> and <a href=\"https:\/\/facapackaging.com\/privacy-and-data-protection-policy\/\" target=\"_blank\"> conditions<\/a>.<\/label><\/p>\n<p><span class=\"wpcf7-form-control-wrap quiz-325\"><label><span class=\"wpcf7-quiz-label\">20+22=?<\/span> <input type=\"text\" name=\"quiz-325\" size=\"40\" class=\"wpcf7-form-control wpcf7-quiz\" autocomplete=\"off\" aria-required=\"true\" aria-invalid=\"false\" \/><\/label><input type=\"hidden\" name=\"_wpcf7_quiz_answer_quiz-325\" value=\"19e3ebbc854deb3a0727b8d2964fe35a\" \/><\/span><\/p>\n<p><input type=\"submit\" value=\"Ask Catalogue\" class=\"wpcf7-form-control has-spinner wpcf7-submit\" \/><\/p>\n<div class=\"wpcf7-response-output\" aria-hidden=\"true\"><\/div><\/form><\/div>[\/et_pb_code][\/et_pb_column][\/et_pb_row][\/et_pb_section][et_pb_section fb_built=&#8221;1&#8243; fullwidth=&#8221;on&#8221; _builder_version=&#8221;4.6.6&#8243; _module_preset=&#8221;default&#8221; locked=&#8221;off&#8221;][et_pb_fullwidth_header button_one_text=&#8221;Obtenez votre catalogue&#8221; button_one_url=&#8221;https:\/\/facapackaging.com\/fr\/demandez-le-nouveau-catalogue\/&#8221; header_image_url=&#8221;https:\/\/facapackaging.com\/wp-content\/uploads\/2021\/09\/ADFPCD-and-PLD-Paris-2020-Day-2-low-res-155-1.jpg&#8221; _builder_version=&#8221;4.6.6&#8243; _module_preset=&#8221;default&#8221; background_color=&#8221;#00457a&#8221; background_enable_image=&#8221;off&#8221; parallax=&#8221;on&#8221; custom_button_one=&#8221;on&#8221; button_one_text_size=&#8221;16px&#8221; button_one_text_color=&#8221;#ffffff&#8221; button_one_bg_color=&#8221;#292929&#8243; button_one_font=&#8221;Archivo||||||||&#8221; button_one_icon=&#8221;%%221%%&#8221;]<\/p>\n<p>Faca Packaging a \u00e9t\u00e9 la premi\u00e8re entreprise au monde \u00e0 fournir du <strong>PMMA<\/strong> (le thermoplastique le plus transparent au monde) pour un pot cosm\u00e9tique<\/p>\n<p>Elle a \u00e9t\u00e9 la premi\u00e8re \u00e0 utiliser un transparent dans des applications cosm\u00e9tiques, en 1991.<\/p>\n<p>Apr\u00e8s 30 ans, nous sommes fiers d&#8217;annoncer que nous avons cr\u00e9\u00e9 le premier emballage en <strong>PMMA recycl\u00e9 transparent pour des applications cosm\u00e9tiques en 2021<\/strong>.<\/p>\n<p>Les visiteurs de PCD Paris 2022 pourront voir et d\u00e9couvrir la large gamme de r\u00e9cipients disponibles dans leur usine d&#8217;Espagne (Barcelone).<\/p>\n<p>[\/et_pb_fullwidth_header][\/et_pb_section]<\/p>\n","protected":false},"excerpt":{"rendered":"<p>[et_pb_section fb_built=&#8221;1&#8243; fullwidth=&#8221;on&#8221; disabled_on=&#8221;on|off|off&#8221; _builder_version=&#8221;4.6.6&#8243; _module_preset=&#8221;default&#8221;][et_pb_fullwidth_header _builder_version=&#8221;4.6.6&#8243; _module_preset=&#8221;default&#8221; background_enable_color=&#8221;off&#8221; background_video_mp4=&#8221;https:\/\/facapackaging.com\/wp-content\/uploads\/2021\/11\/pack2sustainability.mp4&#8243; background_color_phone=&#8221;rgba(0,0,0,0)&#8221; background_last_edited=&#8221;on|phone&#8221; background_enable_color_phone=&#8221;on&#8221; background_enable_video_mp4_phone=&#8221;off&#8221;] &nbsp; &nbsp; &nbsp; &nbsp; &nbsp; &nbsp; &nbsp; &nbsp; &nbsp; &nbsp; &nbsp; &nbsp; &nbsp; &nbsp; &nbsp; &nbsp; &nbsp; &nbsp; &nbsp; [\/et_pb_fullwidth_header][\/et_pb_section][et_pb_section fb_built=&#8221;1&#8243; _builder_version=&#8221;4.6.6&#8243; _module_preset=&#8221;default&#8221;][et_pb_row column_structure=&#8221;1_2,1_2&#8243; _builder_version=&#8221;4.6.6&#8243; _module_preset=&#8221;default&#8221;][et_pb_column type=&#8221;1_2&#8243; _builder_version=&#8221;4.6.6&#8243; _module_preset=&#8221;default&#8221;][et_pb_text _builder_version=&#8221;4.6.6&#8243; _module_preset=&#8221;default&#8221;] Nous sommes des fabricants d&#8217;emballages cosm\u00e9tiques durables de haute qualit\u00e9. [&hellip;]<\/p>\n","protected":false},"author":9,"featured_media":0,"parent":0,"menu_order":0,"comment_status":"closed","ping_status":"closed","template":"","meta":{"_et_pb_use_builder":"on","_et_pb_old_content":"","_et_gb_content_width":""},"_links":{"self":[{"href":"https:\/\/facapackaging.com\/fr\/wp-json\/wp\/v2\/pages\/9496"}],"collection":[{"href":"https:\/\/facapackaging.com\/fr\/wp-json\/wp\/v2\/pages"}],"about":[{"href":"https:\/\/facapackaging.com\/fr\/wp-json\/wp\/v2\/types\/page"}],"author":[{"embeddable":true,"href":"https:\/\/facapackaging.com\/fr\/wp-json\/wp\/v2\/users\/9"}],"replies":[{"embeddable":true,"href":"https:\/\/facapackaging.com\/fr\/wp-json\/wp\/v2\/comments?post=9496"}],"version-history":[{"count":16,"href":"https:\/\/facapackaging.com\/fr\/wp-json\/wp\/v2\/pages\/9496\/revisions"}],"predecessor-version":[{"id":12704,"href":"https:\/\/facapackaging.com\/fr\/wp-json\/wp\/v2\/pages\/9496\/revisions\/12704"}],"wp:attachment":[{"href":"https:\/\/facapackaging.com\/fr\/wp-json\/wp\/v2\/media?parent=9496"}],"curies":[{"name":"wp","href":"https:\/\/api.w.org\/{rel}","templated":true}]}}