{"id":1487,"date":"2020-10-08T15:19:43","date_gmt":"2020-10-08T15:19:43","guid":{"rendered":"https:\/\/facapackaging.com\/compania\/"},"modified":"2022-04-14T08:41:48","modified_gmt":"2022-04-14T08:41:48","slug":"packaging-per-cosmetici-alta-gamma","status":"publish","type":"page","link":"https:\/\/facapackaging.com\/it\/packaging-per-cosmetici-alta-gamma\/","title":{"rendered":"packaging per cosmetici di alta gamma"},"content":{"rendered":"<p>[et_pb_section fb_built=&#8221;1&#8243; custom_padding_last_edited=&#8221;on|desktop&#8221; admin_label=&#8221;section&#8221; _builder_version=&#8221;4.6.6&#8243; background_image=&#8221;https:\/\/facapackaging.com\/wp-content\/uploads\/2021\/03\/oficinas-e1616057528975.png&#8221; background_size=&#8221;contain&#8221; background_position=&#8221;top_center&#8221; custom_padding=&#8221;0px|0px|250px|0px&#8221; custom_padding_tablet=&#8221;50px|0|50px|0&#8243; custom_padding_phone=&#8221;&#8221; padding_mobile=&#8221;off&#8221;][et_pb_row padding_mobile=&#8221;off&#8221; column_padding_mobile=&#8221;on&#8221; admin_label=&#8221;row&#8221; _builder_version=&#8221;3.25&#8243; background_size=&#8221;initial&#8221; background_position=&#8221;top_left&#8221; background_repeat=&#8221;repeat&#8221; custom_padding=&#8221;0px|0px|30px|0px&#8221;][et_pb_column type=&#8221;4_4&#8243; _builder_version=&#8221;3.25&#8243; custom_padding=&#8221;|||&#8221; custom_padding__hover=&#8221;|||&#8221;][et_pb_text admin_label=&#8221;Text&#8221; _builder_version=&#8221;4.6.6&#8243; header_font=&#8221;Raleway|on||on|&#8221; background_size=&#8221;initial&#8221; background_position=&#8221;top_left&#8221; background_repeat=&#8221;repeat&#8221; text_orientation=&#8221;center&#8221; background_layout=&#8221;dark&#8221; module_alignment=&#8221;center&#8221;][\/et_pb_text][\/et_pb_column][\/et_pb_row][\/et_pb_section][et_pb_section fb_built=&#8221;1&#8243; custom_padding_last_edited=&#8221;on|desktop&#8221; admin_label=&#8221;section&#8221; _builder_version=&#8221;3.22&#8243; custom_padding=&#8221;30px|0px|30px|0px&#8221; custom_padding_tablet=&#8221;50px|0|50px|0&#8243; custom_padding_phone=&#8221;&#8221; padding_mobile=&#8221;off&#8221;][et_pb_row column_padding_mobile=&#8221;on&#8221; admin_label=&#8221;row&#8221; _builder_version=&#8221;3.25&#8243; background_size=&#8221;initial&#8221; background_position=&#8221;top_left&#8221; background_repeat=&#8221;repeat&#8221; custom_padding=&#8221;30px|0px|30px|0px&#8221;][et_pb_column type=&#8221;4_4&#8243; _builder_version=&#8221;3.25&#8243; custom_padding=&#8221;|||&#8221; custom_padding__hover=&#8221;|||&#8221;][et_pb_text admin_label=&#8221;Text&#8221; _builder_version=&#8221;4.6.6&#8243; text_font=&#8221;Raleway Light||on||&#8221; text_text_color=&#8221;#4467a7&#8243; text_font_size=&#8221;19px&#8221; background_size=&#8221;initial&#8221; background_position=&#8221;top_left&#8221; background_repeat=&#8221;repeat&#8221; custom_margin=&#8221;||10px|&#8221;]<\/p>\n<p>La nostra azienda<\/p>\n<hr \/>\n<p>&nbsp;<\/p>\n<p>[\/et_pb_text][et_pb_text admin_label=&#8221;Text&#8221; _builder_version=&#8221;4.6.6&#8243; text_text_color=&#8221;#6d6f71&#8243; text_font_size=&#8221;16px&#8221; header_font_size=&#8221;28px&#8221; header_line_height=&#8221;1.2em&#8221; background_size=&#8221;initial&#8221; background_position=&#8221;top_left&#8221; background_repeat=&#8221;repeat&#8221; hover_enabled=&#8221;0&#8243; sticky_enabled=&#8221;0&#8243;]<\/p>\n<h3>Fondata pi\u00f9 di 50 anni fa, Faca Packaging \u00e8 leader mondiale nel design e nella produzione di <strong>imballaggi cosmetici<\/strong> di <strong>alta gamma<\/strong> e design esclusivi per <strong>prodotti cosmetici.<\/strong><\/h3>\n<p>La chiave del nostro successo \u00e8 dovuta al nostro alto livello di investimenti in R&amp;S&amp;I, con oltre 300 brevetti attivi, utilizzando un sistema di innovazione continua, con un impianto di produzione in camera bianca al 100% e la rigorosa applicazione della norma ISO 9001: 2015.<br \/>La nostra azienda \u00e8 in continua evoluzione, orientata al cliente, con un team professionale e dove il nostro successo si basa sull&#8217;offerta di tutte le soluzioni possibili al mercato. Siamo orgogliosi di essere una delle prime aziende al mondo a produrre imballaggi di fascia alta. E oggi siamo molto impegnati nella <strong>sostenibilit\u00e0<\/strong>.<\/p>\n<p>[\/et_pb_text][\/et_pb_column][\/et_pb_row][\/et_pb_section][et_pb_section fb_built=&#8221;1&#8243; fullwidth=&#8221;on&#8221; _builder_version=&#8221;4.6.6&#8243; _module_preset=&#8221;default&#8221; locked=&#8221;off&#8221;][et_pb_fullwidth_image src=&#8221;https:\/\/facapackaging.com\/wp-content\/uploads\/2021\/09\/cosmetic-smile.png&#8221; title_text=&#8221;cosmetic-smile&#8221; _builder_version=&#8221;4.6.6&#8243; _module_preset=&#8221;default&#8221;][\/et_pb_fullwidth_image][et_pb_fullwidth_header title=&#8221;Faca Packaging si impegna a ridurre l&#8217;impatto della plastica a base di petrolio sviluppando imballaggi riciclabili&#8221; subhead=&#8221; e incoraggiare l&#8217;uso di plastica riciclata, bioplastiche e alternative di imballaggio riutilizzabili.&#8221; _builder_version=&#8221;4.6.6&#8243; _module_preset=&#8221;default&#8221; title_level=&#8221;h2&#8243; title_font=&#8221;Arial||||||||&#8221; title_font_size=&#8221;29px&#8221; title_letter_spacing=&#8221;5px&#8221; title_line_height=&#8221;1.1em&#8221; subhead_font=&#8221;Arial||||||||&#8221; subhead_font_size=&#8221;23px&#8221; subhead_letter_spacing=&#8221;4px&#8221; subhead_line_height=&#8221;1.1em&#8221; background_color=&#8221;#00457a&#8221;][\/et_pb_fullwidth_header][\/et_pb_section][et_pb_section fb_built=&#8221;1&#8243; disabled_on=&#8221;on|on|on&#8221; module_class=&#8221;seccion_imagen_circular&#8221; _builder_version=&#8221;3.22&#8243; background_color=&#8221;#f8f8f8&#8243; custom_padding=&#8221;40px|0px|50px|0px&#8221; disabled=&#8221;on&#8221; saved_tabs=&#8221;all&#8221;][et_pb_row column_structure=&#8221;1_3,1_3,1_3&#8243; _builder_version=&#8221;3.25&#8243;][et_pb_column type=&#8221;1_3&#8243; _builder_version=&#8221;3.25&#8243; custom_padding=&#8221;|||&#8221; custom_padding__hover=&#8221;|||&#8221;][et_pb_image src=&#8221;https:\/\/facapack.com\/wp-content\/uploads\/2017\/06\/1.jpg&#8221; align=&#8221;center&#8221; align_tablet=&#8221;center&#8221; align_phone=&#8221;&#8221; align_last_edited=&#8221;on|desktop&#8221; _builder_version=&#8221;3.23&#8243; animation_style=&#8221;slide&#8221; animation_direction=&#8221;left&#8221; animation_duration=&#8221;500ms&#8221; animation_intensity_slide=&#8221;10%&#8221;][\/et_pb_image][\/et_pb_column][et_pb_column type=&#8221;1_3&#8243; _builder_version=&#8221;3.25&#8243; custom_padding=&#8221;|||&#8221; custom_padding__hover=&#8221;|||&#8221;][et_pb_image src=&#8221;https:\/\/facapack.com\/wp-content\/uploads\/2017\/06\/2.jpg&#8221; align=&#8221;center&#8221; align_tablet=&#8221;center&#8221; align_phone=&#8221;&#8221; align_last_edited=&#8221;on|desktop&#8221; _builder_version=&#8221;3.23&#8243; animation_style=&#8221;slide&#8221; animation_direction=&#8221;left&#8221; animation_duration=&#8221;500ms&#8221; animation_intensity_slide=&#8221;10%&#8221;][\/et_pb_image][\/et_pb_column][et_pb_column type=&#8221;1_3&#8243; _builder_version=&#8221;3.25&#8243; custom_padding=&#8221;|||&#8221; custom_padding__hover=&#8221;|||&#8221;][et_pb_image src=&#8221;https:\/\/facapack.com\/wp-content\/uploads\/2017\/06\/3.jpg&#8221; align=&#8221;center&#8221; align_tablet=&#8221;center&#8221; align_phone=&#8221;&#8221; align_last_edited=&#8221;on|desktop&#8221; _builder_version=&#8221;3.23&#8243; animation_style=&#8221;slide&#8221; animation_direction=&#8221;left&#8221; animation_duration=&#8221;500ms&#8221; animation_intensity_slide=&#8221;10%&#8221;][\/et_pb_image][\/et_pb_column][\/et_pb_row][\/et_pb_section][et_pb_section fb_built=&#8221;1&#8243; custom_padding_last_edited=&#8221;on|desktop&#8221; admin_label=&#8221;section&#8221; _builder_version=&#8221;3.22&#8243; background_color=&#8221;#ffffff&#8221; custom_padding=&#8221;50px|0px|50px|0px&#8221; custom_padding_tablet=&#8221;50px|0|50px|0&#8243; custom_padding_phone=&#8221;&#8221; padding_mobile=&#8221;off&#8221;][et_pb_row column_structure=&#8221;1_4,1_4,1_4,1_4&#8243; padding_mobile=&#8221;off&#8221; column_padding_mobile=&#8221;on&#8221; admin_label=&#8221;row&#8221; _builder_version=&#8221;3.25&#8243; background_size=&#8221;initial&#8221; background_position=&#8221;top_left&#8221; background_repeat=&#8221;repeat&#8221; custom_padding=&#8221;50px|0px|50px|0px&#8221;][et_pb_column type=&#8221;1_4&#8243; _builder_version=&#8221;3.25&#8243; custom_padding=&#8221;|||&#8221; custom_padding__hover=&#8221;|||&#8221;][et_pb_text admin_label=&#8221;Text&#8221; _builder_version=&#8221;4.6.6&#8243; text_font=&#8221;Raleway Light||on||&#8221; text_text_color=&#8221;#4467a7&#8243; text_font_size=&#8221;19px&#8221; background_size=&#8221;initial&#8221; background_position=&#8221;top_left&#8221; background_repeat=&#8221;repeat&#8221; custom_margin=&#8221;||10px|&#8221;]<\/p>\n<p>La nostra mission aziendale<\/p>\n<hr \/>\n<p>&nbsp;<\/p>\n<p>[\/et_pb_text][et_pb_text admin_label=&#8221;Text&#8221; _builder_version=&#8221;4.6.6&#8243; text_text_color=&#8221;#6d6f71&#8243; text_font_size=&#8221;16px&#8221; header_font=&#8221;|on|||&#8221; header_font_size=&#8221;28px&#8221; header_line_height=&#8221;1.2em&#8221; background_size=&#8221;initial&#8221; background_position=&#8221;top_left&#8221; background_repeat=&#8221;repeat&#8221; hover_enabled=&#8221;0&#8243; sticky_enabled=&#8221;0&#8243;]<\/p>\n<h3>Rendere possibile l\u2019impossibile<\/h3>\n<p>Soddisfare i nostri clienti offrendo loro una soluzione unica di <strong>imballaggio cosmetico sostenibile<\/strong> in termini di costo, qualit\u00e0 e tempo attraverso l&#8217;impegno assoluto del nostro team. La nostra sfida \u00e8 quella di trasformare in realt\u00e0 ogni richiesta dei <strong>nostri clienti<\/strong>. Rendere possibile l&#8217;impossibile, questo \u00e8 il nostro impegno.<\/p>\n<p>[\/et_pb_text][\/et_pb_column][et_pb_column type=&#8221;1_4&#8243; _builder_version=&#8221;3.25&#8243; custom_padding=&#8221;|||&#8221; custom_padding__hover=&#8221;|||&#8221;][et_pb_text admin_label=&#8221;Text&#8221; _builder_version=&#8221;4.6.6&#8243; text_font=&#8221;Raleway Light||on||&#8221; text_text_color=&#8221;#4467a7&#8243; text_font_size=&#8221;19px&#8221; background_size=&#8221;initial&#8221; background_position=&#8221;top_left&#8221; background_repeat=&#8221;repeat&#8221; custom_margin=&#8221;||10px|&#8221;]<\/p>\n<p>I nostri dipendenti<\/p>\n<hr \/>\n<p>&nbsp;<\/p>\n<p>[\/et_pb_text][et_pb_text admin_label=&#8221;Text&#8221; _builder_version=&#8221;4.6.6&#8243; text_text_color=&#8221;#6d6f71&#8243; text_font_size=&#8221;16px&#8221; header_font=&#8221;|on|||&#8221; header_font_size=&#8221;28px&#8221; header_line_height=&#8221;1.2em&#8221; background_size=&#8221;initial&#8221; background_position=&#8221;top_left&#8221; background_repeat=&#8221;repeat&#8221; hover_enabled=&#8221;0&#8243; sticky_enabled=&#8221;0&#8243;]<\/p>\n<h3>Abbiamo a disposizione il miglior team<\/h3>\n<p>Talento, creativit\u00e0, tecnica e impegno, insieme all&#8217;alta conoscenza ed esperienza, fanno della nostra azienda un leader nell&#8217;innovazione per il miglior <strong>packaging cosmetico sostenibile<\/strong>, vendendo in pi\u00f9 di 100 paesi nei cinque continenti.<\/p>\n<p>[\/et_pb_text][\/et_pb_column][et_pb_column type=&#8221;1_4&#8243; _builder_version=&#8221;3.25&#8243; custom_padding=&#8221;|||&#8221; custom_padding__hover=&#8221;|||&#8221;][et_pb_text admin_label=&#8221;Text&#8221; _builder_version=&#8221;4.6.6&#8243; text_font=&#8221;Raleway Light||on||&#8221; text_text_color=&#8221;#4467a7&#8243; text_font_size=&#8221;19px&#8221; background_size=&#8221;initial&#8221; background_position=&#8221;top_left&#8221; background_repeat=&#8221;repeat&#8221; custom_margin=&#8221;||10px|&#8221; hover_enabled=&#8221;0&#8243; sticky_enabled=&#8221;0&#8243;]<\/p>\n<p>I nostri clienti<\/p>\n<hr \/>\n<p>&nbsp;<\/p>\n<p>[\/et_pb_text][et_pb_text admin_label=&#8221;Text&#8221; _builder_version=&#8221;4.6.6&#8243; text_text_color=&#8221;#6d6f71&#8243; text_font_size=&#8221;16px&#8221; header_font=&#8221;|on|||&#8221; header_font_size=&#8221;28px&#8221; header_line_height=&#8221;1.2em&#8221; background_size=&#8221;initial&#8221; background_position=&#8221;top_left&#8221; background_repeat=&#8221;repeat&#8221; hover_enabled=&#8221;0&#8243; sticky_enabled=&#8221;0&#8243;]<\/p>\n<h3>I marchi pi\u00f9 conosciuti<\/h3>\n<p>Il nostro portafoglio clienti \u00e8 rappresentato dai marchi pi\u00f9 noti nel settore cosmetico, sia in Spagna che nel mondo. La percentuale di esportazione supera l&#8217;80% e cerchiamo come obiettivo principale la soddisfazione del cliente.<\/p>\n<p>[\/et_pb_text][\/et_pb_column][et_pb_column type=&#8221;1_4&#8243; _builder_version=&#8221;3.25&#8243; custom_padding=&#8221;|||&#8221; custom_padding__hover=&#8221;|||&#8221;][et_pb_text admin_label=&#8221;Text&#8221; _builder_version=&#8221;4.6.6&#8243; text_font=&#8221;Raleway Light||on||&#8221; text_text_color=&#8221;#4467a7&#8243; text_font_size=&#8221;19px&#8221; background_size=&#8221;initial&#8221; background_position=&#8221;top_left&#8221; background_repeat=&#8221;repeat&#8221; custom_margin=&#8221;||10px|&#8221;]<\/p>\n<p>I nostri prodotti<\/p>\n<hr \/>\n<p>&nbsp;<\/p>\n<p>[\/et_pb_text][et_pb_text admin_label=&#8221;Text&#8221; _builder_version=&#8221;4.6.6&#8243; text_text_color=&#8221;#6d6f71&#8243; text_font_size=&#8221;16px&#8221; header_font=&#8221;|on|||&#8221; header_font_size=&#8221;28px&#8221; header_line_height=&#8221;1.2em&#8221; background_size=&#8221;initial&#8221; background_position=&#8221;top_left&#8221; background_repeat=&#8221;repeat&#8221; hover_enabled=&#8221;0&#8243; sticky_enabled=&#8221;0&#8243;]<\/p>\n<h3>Offriamo la pi\u00f9 ampia gamma di prodotti sul mercato.<\/h3>\n<p>La nostra R+D+i e la <strong>nostra fabbrica<\/strong> ci permettono di fare tutti i tipi di combinazioni <strong>di imballaggi cosmetici<\/strong>, rendendo il nostro catalogo infinito. Lavoriamo tutti i tipi di <strong>plastica riciclata e riciclabile<\/strong>, materiali ecologici e bio. La nostra<strong> fabbrica<\/strong> di progettazione di stampi \u00e8 incaricata di dare forma e realt\u00e0 a qualsiasi richiesta <strong>esclusiva dei nostri clienti<\/strong>.<\/p>\n<p>[\/et_pb_text][\/et_pb_column][\/et_pb_row][\/et_pb_section][et_pb_section fb_built=&#8221;1&#8243; _builder_version=&#8221;4.6.6&#8243; _module_preset=&#8221;default&#8221; locked=&#8221;off&#8221;][et_pb_row column_structure=&#8221;1_2,1_2&#8243; _builder_version=&#8221;4.6.6&#8243; _module_preset=&#8221;default&#8221;][et_pb_column type=&#8221;1_2&#8243; _builder_version=&#8221;4.6.6&#8243; _module_preset=&#8221;default&#8221;][et_pb_code _builder_version=&#8221;4.6.6&#8243; _module_preset=&#8221;default&#8221;]<iframe src=\"https:\/\/player.vimeo.com\/video\/523753453\" width=\"640\" height=\"360\" frameborder=\"0\" allow=\"autoplay; fullscreen; picture-in-picture\" allowfullscreen><\/iframe><!-- [et_pb_line_break_holder] --><pee><a href=\"https:\/\/vimeo.com\/523753453\">Faca Packaging is committed to Sustainability<\/a> <\/pee>[\/et_pb_code][\/et_pb_column][et_pb_column type=&#8221;1_2&#8243; _builder_version=&#8221;4.6.6&#8243; _module_preset=&#8221;default&#8221;][et_pb_image src=&#8221;https:\/\/facapackaging.com\/wp-content\/uploads\/2020\/10\/certificado_it-e1602861767107.jpg&#8221; alt=&#8221;certificato energetico&#8221; title_text=&#8221;certificato energetico&#8221; admin_label=&#8221;Immagine&#8221; _builder_version=&#8221;4.6.6&#8243; _module_preset=&#8221;default&#8221; border_width_top=&#8221;1px&#8221; border_width_right=&#8221;1px&#8221; border_width_bottom=&#8221;1px&#8221; border_width_left=&#8221;1px&#8221;][\/et_pb_image][\/et_pb_column][\/et_pb_row][\/et_pb_section][et_pb_section fb_built=&#8221;1&#8243; custom_padding_last_edited=&#8221;on|desktop&#8221; admin_label=&#8221;section&#8221; _builder_version=&#8221;4.6.6&#8243; background_color=&#8221;#000000&#8243; background_enable_image=&#8221;off&#8221; parallax=&#8221;on&#8221; custom_padding=&#8221;80px|0px|80px|0px&#8221; custom_padding_tablet=&#8221;50px|0|50px|0&#8243; custom_padding_phone=&#8221;&#8221; padding_mobile=&#8221;off&#8221;][et_pb_row column_structure=&#8221;1_3,1_3,1_3&#8243; padding_mobile=&#8221;off&#8221; column_padding_mobile=&#8221;on&#8221; admin_label=&#8221;row&#8221; _builder_version=&#8221;3.25&#8243; background_size=&#8221;initial&#8221; background_position=&#8221;top_left&#8221; background_repeat=&#8221;repeat&#8221; custom_padding=&#8221;80px|0px|80px|0px&#8221;][et_pb_column type=&#8221;1_3&#8243; _builder_version=&#8221;3.25&#8243; custom_padding=&#8221;|||&#8221; custom_padding__hover=&#8221;|||&#8221;][et_pb_text admin_label=&#8221;Text&#8221; _builder_version=&#8221;3.27.4&#8243; text_font_size=&#8221;16px&#8221; text_letter_spacing=&#8221;1px&#8221; header_font=&#8221;Roboto Light||||&#8221; header_font_size=&#8221;78px&#8221; background_size=&#8221;initial&#8221; background_position=&#8221;top_left&#8221; background_repeat=&#8221;repeat&#8221; background_layout=&#8221;dark&#8221;]<\/p>\n<h1><i class=\"fa fa-line-chart\"><\/i> +50<\/h1>\n<p>PI\u00d9 DI 50 ANNI DI ESPERIENZA<\/p>\n<p>[\/et_pb_text][\/et_pb_column][et_pb_column type=&#8221;1_3&#8243; _builder_version=&#8221;3.25&#8243; custom_padding=&#8221;|||&#8221; custom_padding__hover=&#8221;|||&#8221;][et_pb_text admin_label=&#8221;Text&#8221; _builder_version=&#8221;3.27.4&#8243; text_font_size=&#8221;16px&#8221; text_letter_spacing=&#8221;1px&#8221; header_font=&#8221;Roboto Light||||&#8221; header_font_size=&#8221;78px&#8221; background_size=&#8221;initial&#8221; background_position=&#8221;top_left&#8221; background_repeat=&#8221;repeat&#8221; background_layout=&#8221;dark&#8221;]<\/p>\n<h1><i class=\"fa fa-check\"><\/i> +300<\/h1>\n<p>PI\u00d9 DI 300 BREVETTI ATTIVI<\/p>\n<p>[\/et_pb_text][et_pb_text admin_label=&#8221;Text&#8221; _builder_version=&#8221;3.27.4&#8243; background_size=&#8221;initial&#8221; background_position=&#8221;top_left&#8221; background_repeat=&#8221;repeat&#8221; background_layout=&#8221;dark&#8221;] <i class=\"fa fa-font-awesome\"><\/i> [\/et_pb_text][\/et_pb_column][et_pb_column type=&#8221;1_3&#8243; _builder_version=&#8221;3.25&#8243; custom_padding=&#8221;|||&#8221; custom_padding__hover=&#8221;|||&#8221;][et_pb_text admin_label=&#8221;Text&#8221; _builder_version=&#8221;3.27.4&#8243; text_font=&#8221;|||on|&#8221; text_font_size=&#8221;16px&#8221; text_letter_spacing=&#8221;1px&#8221; header_font=&#8221;Roboto Light||||&#8221; header_font_size=&#8221;78px&#8221; background_size=&#8221;initial&#8221; background_position=&#8221;top_left&#8221; background_repeat=&#8221;repeat&#8221; background_layout=&#8221;dark&#8221;]<\/p>\n<h1><i class=\"fa fa-globe\"><\/i> +100<\/h1>\n<p>VENDITE IN PI\u00d9 DI 100 PAESI<\/p>\n<p>[\/et_pb_text][\/et_pb_column][\/et_pb_row][\/et_pb_section]<\/p>\n","protected":false},"excerpt":{"rendered":"<p>[et_pb_section fb_built=&#8221;1&#8243; custom_padding_last_edited=&#8221;on|desktop&#8221; admin_label=&#8221;section&#8221; _builder_version=&#8221;4.6.6&#8243; background_image=&#8221;https:\/\/facapackaging.com\/wp-content\/uploads\/2021\/03\/oficinas-e1616057528975.png&#8221; background_size=&#8221;contain&#8221; background_position=&#8221;top_center&#8221; custom_padding=&#8221;0px|0px|250px|0px&#8221; custom_padding_tablet=&#8221;50px|0|50px|0&#8243; custom_padding_phone=&#8221;&#8221; padding_mobile=&#8221;off&#8221;][et_pb_row padding_mobile=&#8221;off&#8221; column_padding_mobile=&#8221;on&#8221; admin_label=&#8221;row&#8221; _builder_version=&#8221;3.25&#8243; background_size=&#8221;initial&#8221; background_position=&#8221;top_left&#8221; background_repeat=&#8221;repeat&#8221; custom_padding=&#8221;0px|0px|30px|0px&#8221;][et_pb_column type=&#8221;4_4&#8243; _builder_version=&#8221;3.25&#8243; custom_padding=&#8221;|||&#8221; custom_padding__hover=&#8221;|||&#8221;][et_pb_text admin_label=&#8221;Text&#8221; _builder_version=&#8221;4.6.6&#8243; header_font=&#8221;Raleway|on||on|&#8221; background_size=&#8221;initial&#8221; background_position=&#8221;top_left&#8221; background_repeat=&#8221;repeat&#8221; text_orientation=&#8221;center&#8221; background_layout=&#8221;dark&#8221; module_alignment=&#8221;center&#8221;][\/et_pb_text][\/et_pb_column][\/et_pb_row][\/et_pb_section][et_pb_section fb_built=&#8221;1&#8243; custom_padding_last_edited=&#8221;on|desktop&#8221; admin_label=&#8221;section&#8221; _builder_version=&#8221;3.22&#8243; custom_padding=&#8221;30px|0px|30px|0px&#8221; custom_padding_tablet=&#8221;50px|0|50px|0&#8243; custom_padding_phone=&#8221;&#8221; padding_mobile=&#8221;off&#8221;][et_pb_row column_padding_mobile=&#8221;on&#8221; admin_label=&#8221;row&#8221; _builder_version=&#8221;3.25&#8243; background_size=&#8221;initial&#8221; background_position=&#8221;top_left&#8221; background_repeat=&#8221;repeat&#8221; custom_padding=&#8221;30px|0px|30px|0px&#8221;][et_pb_column type=&#8221;4_4&#8243; _builder_version=&#8221;3.25&#8243; custom_padding=&#8221;|||&#8221; custom_padding__hover=&#8221;|||&#8221;][et_pb_text admin_label=&#8221;Text&#8221; _builder_version=&#8221;4.6.6&#8243; text_font=&#8221;Raleway [&hellip;]<\/p>\n","protected":false},"author":8,"featured_media":0,"parent":0,"menu_order":0,"comment_status":"closed","ping_status":"closed","template":"","meta":{"_et_pb_use_builder":"on","_et_pb_old_content":"","_et_gb_content_width":""},"_links":{"self":[{"href":"https:\/\/facapackaging.com\/it\/wp-json\/wp\/v2\/pages\/1487"}],"collection":[{"href":"https:\/\/facapackaging.com\/it\/wp-json\/wp\/v2\/pages"}],"about":[{"href":"https:\/\/facapackaging.com\/it\/wp-json\/wp\/v2\/types\/page"}],"author":[{"embeddable":true,"href":"https:\/\/facapackaging.com\/it\/wp-json\/wp\/v2\/users\/8"}],"replies":[{"embeddable":true,"href":"https:\/\/facapackaging.com\/it\/wp-json\/wp\/v2\/comments?post=1487"}],"version-history":[{"count":22,"href":"https:\/\/facapackaging.com\/it\/wp-json\/wp\/v2\/pages\/1487\/revisions"}],"predecessor-version":[{"id":10487,"href":"https:\/\/facapackaging.com\/it\/wp-json\/wp\/v2\/pages\/1487\/revisions\/10487"}],"wp:attachment":[{"href":"https:\/\/facapackaging.com\/it\/wp-json\/wp\/v2\/media?parent=1487"}],"curies":[{"name":"wp","href":"https:\/\/api.w.org\/{rel}","templated":true}]}}