{"id":2116,"date":"2020-10-20T14:35:37","date_gmt":"2020-10-20T14:35:37","guid":{"rendered":"https:\/\/facapackaging.com\/%d1%81%d0%b2%d1%8f%d0%b7%d0%b0%d1%82%d1%8c%d1%81%d1%8f-%d1%81-%d0%bd%d0%b0%d0%bc%d0%b8\/"},"modified":"2020-10-20T14:35:38","modified_gmt":"2020-10-20T14:35:38","slug":"%d1%81%d0%b2%d1%8f%d0%b7%d0%b0%d1%82%d1%8c%d1%81%d1%8f-%d1%81-%d0%bd%d0%b0%d0%bc%d0%b8","status":"publish","type":"page","link":"https:\/\/facapackaging.com\/ru\/%d1%81%d0%b2%d1%8f%d0%b7%d0%b0%d1%82%d1%8c%d1%81%d1%8f-%d1%81-%d0%bd%d0%b0%d0%bc%d0%b8\/","title":{"rendered":"\u0421\u0432\u044f\u0437\u0430\u0442\u044c\u0441\u044f \u0441 \u043d\u0430\u043c\u0438"},"content":{"rendered":"<p>[et_pb_section fb_built=&#8221;1&#8243; custom_padding_last_edited=&#8221;on|desktop&#8221; admin_label=&#8221;section&#8221; _builder_version=&#8221;3.22&#8243; background_image=&#8221;\/\/facapackaging.com\/wp-content\/uploads\/2016\/12\/FOTO-OFICINAS_grande_dark.jpg&#8221; custom_padding_tablet=&#8221;50px|0|50px|0&#8243; custom_padding_phone=&#8221;&#8221; padding_mobile=&#8221;off&#8221;][et_pb_row padding_mobile=&#8221;off&#8221; column_padding_mobile=&#8221;on&#8221; admin_label=&#8221;row&#8221; _builder_version=&#8221;3.25&#8243; background_size=&#8221;initial&#8221; background_position=&#8221;top_left&#8221; background_repeat=&#8221;repeat&#8221;][et_pb_column type=&#8221;4_4&#8243; _builder_version=&#8221;3.25&#8243; custom_padding=&#8221;|||&#8221; custom_padding__hover=&#8221;|||&#8221;][et_pb_text admin_label=&#8221;Text&#8221; _builder_version=&#8221;3.27.4&#8243; header_font=&#8221;Raleway Light||||&#8221; header_font_size=&#8221;28px&#8221; background_size=&#8221;initial&#8221; background_position=&#8221;top_left&#8221; background_repeat=&#8221;repeat&#8221; background_layout=&#8221;dark&#8221;]<\/p>\n<h1>\n\u0421\u0432\u044f\u0437\u0430\u0442\u044c\u0441\u044f \u0441 \u043d\u0430\u043c\u0438<\/h1>\n<p>[\/et_pb_text][\/et_pb_column][\/et_pb_row][\/et_pb_section][et_pb_section fb_built=&#8221;1&#8243; admin_label=&#8221;section&#8221; module_class=&#8221;contacto_seccion2&#8243; _builder_version=&#8221;3.22&#8243; custom_padding=&#8221;54px|0px|30px|0px&#8221;][et_pb_row use_custom_gutter=&#8221;on&#8221; padding_mobile=&#8221;off&#8221; column_padding_mobile=&#8221;on&#8221; admin_label=&#8221;row&#8221; _builder_version=&#8221;3.25&#8243; background_size=&#8221;initial&#8221; background_position=&#8221;top_left&#8221; background_repeat=&#8221;repeat&#8221; column_structure=&#8221;2_3,1_3&#8243;][et_pb_column type=&#8221;2_3&#8243; _builder_version=&#8221;3.25&#8243; custom_padding=&#8221; |70px| | &#8221; custom_padding__hover=&#8221;|||&#8221;][et_pb_text admin_label=&#8221;Text&#8221; _builder_version=&#8221;3.27.4&#8243; header_font=&#8221;Raleway Light||||&#8221; header_font_size=&#8221;28px&#8221; header_line_height=&#8221;1.2em&#8221; background_size=&#8221;initial&#8221; background_position=&#8221;top_left&#8221; background_repeat=&#8221;repeat&#8221;]<\/p>\n<h1>\n\u0415\u0441\u043b\u0438 \u0443 \u0432\u0430\u0441 \u0435\u0441\u0442\u044c \u043a\u0430\u043a\u0438\u0435-\u043b\u0438\u0431\u043e \u0432\u043e\u043f\u0440\u043e\u0441\u044b, \u043d\u0430\u043f\u0438\u0448\u0438\u0442\u0435 \u043d\u0430\u043c.<\/h1>\n<p>[\/et_pb_text][et_pb_code admin_label=&#8221;Code&#8221;]<div role=\"form\" class=\"wpcf7\" id=\"wpcf7-f395-o1\" lang=\"es-ES\" dir=\"ltr\">\n<div class=\"screen-reader-response\"><p role=\"status\" aria-live=\"polite\" aria-atomic=\"true\"><\/p> <ul><\/ul><\/div>\n<form action=\"\/ru\/wp-json\/wp\/v2\/pages\/2116#wpcf7-f395-o1\" method=\"post\" class=\"wpcf7-form init\" novalidate=\"novalidate\" data-status=\"init\">\n<div style=\"display: none;\">\n<input type=\"hidden\" name=\"_wpcf7\" value=\"395\" \/>\n<input type=\"hidden\" name=\"_wpcf7_version\" value=\"5.5.6.1\" \/>\n<input type=\"hidden\" name=\"_wpcf7_locale\" value=\"es_ES\" \/>\n<input type=\"hidden\" name=\"_wpcf7_unit_tag\" value=\"wpcf7-f395-o1\" \/>\n<input type=\"hidden\" name=\"_wpcf7_container_post\" value=\"0\" \/>\n<input type=\"hidden\" name=\"_wpcf7_posted_data_hash\" value=\"\" \/>\n<input type=\"hidden\" name=\"_wpcf7_recaptcha_response\" value=\"\" \/>\n<\/div>\n<p><label><span class=\"wpcf7-form-control-wrap your-name\"><input type=\"text\" name=\"your-name\" value=\"\" size=\"40\" class=\"wpcf7-form-control wpcf7-text wpcf7-validates-as-required\" aria-required=\"true\" aria-invalid=\"false\" placeholder=\"NOMBRE Y APELLIDOS*\" \/><\/span><\/label><\/p>\n<p><label><span class=\"wpcf7-form-control-wrap your-email\"><input type=\"email\" name=\"your-email\" value=\"\" size=\"40\" class=\"wpcf7-form-control wpcf7-text wpcf7-email wpcf7-validates-as-required wpcf7-validates-as-email\" aria-required=\"true\" aria-invalid=\"false\" placeholder=\"Correo electr\u00f3nico*\" \/><\/span> <\/label><\/p>\n<p><label><span class=\"wpcf7-form-control-wrap your-message\"><textarea name=\"your-message\" cols=\"40\" rows=\"10\" class=\"wpcf7-form-control wpcf7-textarea\" aria-invalid=\"false\" placeholder=\"Mensaje\"><\/textarea><\/span> <\/label><\/p>\n<p><span class=\"wpcf7-form-control-wrap checkbox-789\"><span class=\"wpcf7-form-control wpcf7-checkbox wpcf7-validates-as-required\"><span class=\"wpcf7-list-item first last\"><input type=\"checkbox\" name=\"checkbox-789[]\" value=\"He le\u00eddo y acepto\" \/><span class=\"wpcf7-list-item-label\">He le\u00eddo y acepto<\/span><\/span><\/span><\/span>  <a href=\"https:\/\/facapackaging.com\/es\/cosmetics\/politica-de-privacidad-y-proteccion-de-datos\/\"> protecci\u00f3n de datos <\/a><\/p>\n<p><span class=\"wpcf7-form-control-wrap checkbox-851\"><span class=\"wpcf7-form-control wpcf7-checkbox wpcf7-validates-as-required\"><span class=\"wpcf7-list-item first last\"><input type=\"checkbox\" name=\"checkbox-851[]\" value=\"Presto mi consentimiento para que FACA PACKAGING trate mis datos personales con fines estad\u00edsticos y comerciales.\" \/><span class=\"wpcf7-list-item-label\">Presto mi consentimiento para que FACA PACKAGING trate mis datos personales con fines estad\u00edsticos y comerciales.<\/span><\/span><\/span><\/span><\/p>\n<p><span class=\"wpcf7-form-control-wrap checkbox-566\"><span class=\"wpcf7-form-control wpcf7-checkbox wpcf7-validates-as-required\"><span class=\"wpcf7-list-item first last\"><input type=\"checkbox\" name=\"checkbox-566[]\" value=\"Autorizo que FACA PACKAGING comparta mis datos personales con sus empresas vinculadas con fines comerciales\" \/><span class=\"wpcf7-list-item-label\">Autorizo que FACA PACKAGING comparta mis datos personales con sus empresas vinculadas con fines comerciales<\/span><\/span><\/span><\/span><\/p>\n<p><input type=\"submit\" value=\"Enviar mensaje\" class=\"wpcf7-form-control has-spinner wpcf7-submit\" \/><\/p>\n<div class=\"wpcf7-response-output\" aria-hidden=\"true\"><\/div><\/form><\/div>[\/et_pb_code][\/et_pb_column][et_pb_column type=&#8221;1_3&#8243; _builder_version=&#8221;3.25&#8243; custom_padding=&#8221;|||&#8221; custom_padding__hover=&#8221;|||&#8221;][et_pb_text admin_label=&#8221;Text&#8221; _builder_version=&#8221;3.27.4&#8243; text_font=&#8221;Roboto Light||||&#8221; text_font_size=&#8221;20px&#8221; text_line_height=&#8221;1.2em&#8221; header_font=&#8221;|on||on|&#8221; header_text_color=&#8221;#f9a827&#8243; header_font_size=&#8221;27px&#8221; background_size=&#8221;initial&#8221; background_position=&#8221;top_left&#8221; background_repeat=&#8221;repeat&#8221; text_font_size_tablet=&#8221;20px&#8221; text_font_size_phone=&#8221;&#8221; text_font_size_last_edited=&#8221;on|phone&#8221; saved_tabs=&#8221;all&#8221;]<\/p>\n<h1><i class=\"fa fa-envelope\"><\/i> Email<\/h1>\n<p>packagingfaca@facasa.com<\/p>\n<p>[\/et_pb_text][et_pb_text admin_label=&#8221;Text&#8221; _builder_version=&#8221;3.27.4&#8243; text_font=&#8221;Roboto Light||||&#8221; text_font_size=&#8221;20px&#8221; text_line_height=&#8221;1.2em&#8221; header_font=&#8221;|on||on|&#8221; header_text_color=&#8221;#f9a827&#8243; header_font_size=&#8221;27px&#8221; background_size=&#8221;initial&#8221; background_position=&#8221;top_left&#8221; background_repeat=&#8221;repeat&#8221;]<\/p>\n<h1><i class=\"fa fa-map-marker\"><\/i> Direcci\u00f3n<\/h1>\n<p>Ctra. del Mig, 1-13, 08940 Cornell\u00e1 de Llobregat, Barcelona<\/p>\n<p>[\/et_pb_text][et_pb_text admin_label=&#8221;Text&#8221; _builder_version=&#8221;3.27.4&#8243; text_font=&#8221;Roboto Light||||&#8221; text_font_size=&#8221;20px&#8221; text_line_height=&#8221;1.2em&#8221; header_font=&#8221;|on||on|&#8221; header_text_color=&#8221;#f9a827&#8243; header_font_size=&#8221;27px&#8221; background_size=&#8221;initial&#8221; background_position=&#8221;top_left&#8221; background_repeat=&#8221;repeat&#8221;]<\/p>\n<h1><i class=\"fa fa-phone\"><\/i> Tel\u00e9fono<\/h1>\n<p>+34 93 377 98 12<\/p>\n<p>[\/et_pb_text][et_pb_text admin_label=&#8221;Text&#8221; _builder_version=&#8221;3.27.4&#8243; text_font=&#8221;Roboto Light||||&#8221; text_font_size=&#8221;20px&#8221; text_line_height=&#8221;1.2em&#8221; header_font=&#8221;|on||on|&#8221; header_text_color=&#8221;#f9a827&#8243; header_font_size=&#8221;27px&#8221; background_size=&#8221;initial&#8221; background_position=&#8221;top_left&#8221; background_repeat=&#8221;repeat&#8221;]<\/p>\n<h1><i class=\"fa fa-fax\"><\/i> Fax<\/h1>\n<p>+34 93 377 32 11<\/p>\n<p>[\/et_pb_text][\/et_pb_column][\/et_pb_row][\/et_pb_section][et_pb_section fb_built=&#8221;1&#8243; admin_label=&#8221;Section&#8221; _builder_version=&#8221;3.22&#8243; custom_padding=&#8221;30px|0px|54px|0px&#8221;][et_pb_row admin_label=&#8221;row&#8221; _builder_version=&#8221;3.25&#8243; background_size=&#8221;initial&#8221; background_position=&#8221;top_left&#8221; background_repeat=&#8221;repeat&#8221; column_structure=&#8221;1_2,1_2&#8243;][et_pb_column type=&#8221;1_2&#8243; _builder_version=&#8221;3.25&#8243; custom_padding=&#8221;|||&#8221; custom_padding__hover=&#8221;|||&#8221;][et_pb_text admin_label=&#8221;Texto&#8221; _builder_version=&#8221;3.27.4&#8243; text_font=&#8221;Raleway Light||||&#8221; text_font_size=&#8221;15px&#8221; header_font=&#8221;Raleway|on||on|&#8221; header_font_size=&#8221;19px&#8221; background_size=&#8221;initial&#8221; background_position=&#8221;top_left&#8221; background_repeat=&#8221;repeat&#8221; saved_tabs=&#8221;all&#8221;]<\/p>\n<h1>Unidad de producci\u00f3n\u00a01<\/h1>\n<p>Ctra. del Mig 1-13 08940<br \/>\nCornell\u00e0 de Llobregat (Barcelona) Espa\u00f1a<br \/>\nTel\u00e9fono: +34 93 377 98 12<br \/>\nFax: +34 93 377 32 11<\/p>\n<p>[\/et_pb_text][\/et_pb_column][et_pb_column type=&#8221;1_2&#8243; _builder_version=&#8221;3.25&#8243; custom_padding=&#8221;|||&#8221; custom_padding__hover=&#8221;|||&#8221;][et_pb_text admin_label=&#8221;Texto&#8221; _builder_version=&#8221;3.27.4&#8243; text_font=&#8221;Raleway Light||||&#8221; text_font_size=&#8221;15px&#8221; header_font=&#8221;Raleway|on||on|&#8221; header_font_size=&#8221;19px&#8221; background_size=&#8221;initial&#8221; background_position=&#8221;top_left&#8221; background_repeat=&#8221;repeat&#8221; saved_tabs=&#8221;all&#8221;]<\/p>\n<h1>Unidad de producci\u00f3n\u00a02<\/h1>\n<p>Santa Maria d&#8217;Ol\u00f3 (Manresa)<\/p>\n<p> A 60 Km. de Barcelona.<\/p>\n<p> 100% Fabricaci\u00f3n en sala blanca. 9001:2015.<\/p>\n<p> Alto Nivel de automatizaci\u00f3n.<\/p>\n<p>[\/et_pb_text][\/et_pb_column][\/et_pb_row][et_pb_row padding_mobile=&#8221;off&#8221; column_padding_mobile=&#8221;on&#8221; admin_label=&#8221;row&#8221; _builder_version=&#8221;3.25&#8243; background_size=&#8221;initial&#8221; background_position=&#8221;top_left&#8221; background_repeat=&#8221;repeat&#8221; column_structure=&#8221;1_2,1_2&#8243;][et_pb_column type=&#8221;1_2&#8243; _builder_version=&#8221;3.25&#8243; custom_padding=&#8221;|||&#8221; custom_padding__hover=&#8221;|||&#8221;][et_pb_map_extended address=&#8221;Ctra. del Mig, 08940 Cornell\u00e0 de Llobregat, Barcelona, Espa\u00f1a&#8221; zoom_level=&#8221;17&#8243; address_lat=&#8221;41.346013&#8243; address_lng=&#8221;2.089274899999964&#8243; mouse_wheel=&#8221;off&#8221; mobile_dragging=&#8221;off&#8221; controls_ui=&#8221;off&#8221; admin_label=&#8221;Map Extended&#8221; _builder_version=&#8221;3.0.47&#8243;][et_pb_map_pin_extended pin_address=&#8221;Ctra. del Mig, 08940 Cornell\u00e0 de Llobregat, Barcelona, Espa\u00f1a&#8221; pin_on_off=&#8221;on&#8221; pin_src=&#8221;\/\/facapackaging.com\/wp-content\/uploads\/2016\/12\/marker_faca.png&#8221; pin_widthsize=&#8221;57&#8243; pin_heightsize=&#8221;57&#8243; pin_address_lat=&#8221;41.346013&#8243; pin_address_lng=&#8221;2.089274899999964&#8243; _builder_version=&#8221;3.0.47&#8243;][\/et_pb_map_pin_extended][\/et_pb_map_extended][\/et_pb_column][et_pb_column type=&#8221;1_2&#8243; _builder_version=&#8221;3.25&#8243; custom_padding=&#8221;|||&#8221; custom_padding__hover=&#8221;|||&#8221;][et_pb_map_extended address=&#8221;Carrer del Mig, 6, 08273 Santa Maria d&#8217;Ol\u00f3, Barcelona, Espa\u00f1a&#8221; address_lat=&#8221;41.8768448&#8243; address_lng=&#8221;2.0330937999999605&#8243; mouse_wheel=&#8221;off&#8221; mobile_dragging=&#8221;off&#8221; controls_ui=&#8221;off&#8221; admin_label=&#8221;Map Extended&#8221; _builder_version=&#8221;3.0.47&#8243;][et_pb_map_pin_extended title=&#8221;a&#8221; pin_address=&#8221;Carrer del Mig, 6, 08273 Santa Maria d&#8217;Ol\u00f3, Barcelona, Espa\u00f1a&#8221; pin_on_off=&#8221;on&#8221; pin_src=&#8221;\/\/facapackaging.com\/wp-content\/uploads\/2016\/12\/marker_faca.png&#8221; pin_widthsize=&#8221;57&#8243; pin_heightsize=&#8221;57&#8243; pin_address_lat=&#8221;41.8768448&#8243; pin_address_lng=&#8221;2.0330937999999605&#8243; _builder_version=&#8221;3.0.47&#8243;][\/et_pb_map_pin_extended][\/et_pb_map_extended][\/et_pb_column][\/et_pb_row][\/et_pb_section][et_pb_section fb_built=&#8221;1&#8243; custom_padding_last_edited=&#8221;on|desktop&#8221; admin_label=&#8221;section&#8221; _builder_version=&#8221;3.22&#8243; background_color=&#8221;#f8f8f8&#8243; background_image=&#8221; &#8221; custom_padding=&#8221;50px||80px|&#8221; custom_padding_tablet=&#8221;50px|0|50px|0&#8243; custom_padding_phone=&#8221;&#8221; padding_mobile=&#8221;off&#8221;][et_pb_row padding_mobile=&#8221;off&#8221; column_padding_mobile=&#8221;on&#8221; admin_label=&#8221;row&#8221; _builder_version=&#8221;3.25&#8243; background_size=&#8221;initial&#8221; background_position=&#8221;top_left&#8221; background_repeat=&#8221;repeat&#8221; custom_padding=&#8221;0px||10px|&#8221;][et_pb_column type=&#8221;4_4&#8243; _builder_version=&#8221;3.25&#8243; custom_padding=&#8221;|||&#8221; custom_padding__hover=&#8221;|||&#8221;][et_pb_text admin_label=&#8221;Text&#8221; _builder_version=&#8221;3.27.4&#8243; text_font=&#8221;Raleway Light||||&#8221; text_font_size=&#8221;15&#8243; header_font=&#8221;Raleway Light||||&#8221; header_font_size=&#8221;28px&#8221; header_line_height=&#8221;1.2em&#8221; background_size=&#8221;initial&#8221; background_position=&#8221;top_left&#8221; background_repeat=&#8221;repeat&#8221; text_orientation=&#8221;center&#8221; max_width=&#8221;600px&#8221; module_alignment=&#8221;center&#8221; custom_margin=&#8221;0px||0px|&#8221; custom_padding=&#8221;0px||0px|&#8221;]<img loading=\"lazy\" class=\"wp-image-1045 alignnone size-full\" src=\"\/\/facapackaging.com\/wp-content\/uploads\/2017\/01\/logo-faca-nuevo.png\" alt=\"\" width=\"140\" height=\"95\" \/><br \/>\n[\/et_pb_text][\/et_pb_column][\/et_pb_row][et_pb_row padding_mobile=&#8221;off&#8221; column_padding_mobile=&#8221;on&#8221; admin_label=&#8221;Row&#8221; _builder_version=&#8221;3.25&#8243; background_size=&#8221;initial&#8221; background_position=&#8221;top_left&#8221; background_repeat=&#8221;repeat&#8221; column_structure=&#8221;1_4,1_4,1_4,1_4&#8243;][et_pb_column type=&#8221;1_4&#8243; _builder_version=&#8221;3.25&#8243; custom_padding=&#8221;|||&#8221; custom_padding__hover=&#8221;|||&#8221;][et_pb_blurb title=&#8221;M\u00e1s de 40 a\u00f1os realizando I+D+i&#8221; use_icon=&#8221;on&#8221; font_icon=&#8221;%%57%%&#8221; icon_placement=&#8221;left&#8221; admin_label=&#8221;Blurb&#8221; _builder_version=&#8221;3.0.74&#8243; header_font=&#8221;Raleway|||on|&#8221; header_font_size=&#8221;20&#8243; header_line_height=&#8221;1.5em&#8221; background_size=&#8221;initial&#8221; background_position=&#8221;top_left&#8221; background_repeat=&#8221;repeat&#8221;][\/et_pb_blurb][\/et_pb_column][et_pb_column type=&#8221;1_4&#8243; _builder_version=&#8221;3.25&#8243; custom_padding=&#8221;|||&#8221; custom_padding__hover=&#8221;|||&#8221;][et_pb_blurb title=&#8221;\u0411\u041e\u041b\u0415\u0415 200  \u041f\u0410\u0422\u0415\u041d\u0422\u041e\u0412&#8221; use_icon=&#8221;on&#8221; font_icon=&#8221;%%57%%&#8221; icon_placement=&#8221;left&#8221; admin_label=&#8221;Blurb&#8221; _builder_version=&#8221;3.0.74&#8243; header_font=&#8221;Raleway|||on|&#8221; header_font_size=&#8221;20&#8243; header_line_height=&#8221;1.5em&#8221; background_size=&#8221;initial&#8221; background_position=&#8221;top_left&#8221; background_repeat=&#8221;repeat&#8221;][\/et_pb_blurb][\/et_pb_column][et_pb_column type=&#8221;1_4&#8243; _builder_version=&#8221;3.25&#8243; custom_padding=&#8221;|||&#8221; custom_padding__hover=&#8221;|||&#8221;][et_pb_blurb title=&#8221;Producci\u00f3n 100% en sala blanca&#8221; use_icon=&#8221;on&#8221; font_icon=&#8221;%%57%%&#8221; icon_placement=&#8221;left&#8221; admin_label=&#8221;Blurb&#8221; _builder_version=&#8221;3.0.74&#8243; header_font=&#8221;Raleway|||on|&#8221; header_font_size=&#8221;20&#8243; header_line_height=&#8221;1.5em&#8221; background_size=&#8221;initial&#8221; background_position=&#8221;top_left&#8221; background_repeat=&#8221;repeat&#8221;][\/et_pb_blurb][\/et_pb_column][et_pb_column type=&#8221;1_4&#8243; _builder_version=&#8221;3.25&#8243; custom_padding=&#8221;|||&#8221; custom_padding__hover=&#8221;|||&#8221;][et_pb_blurb title=&#8221;Certificaci\u00f3n ISO 9001:2015&#8243; use_icon=&#8221;on&#8221; font_icon=&#8221;%%57%%&#8221; icon_placement=&#8221;left&#8221; admin_label=&#8221;Blurb&#8221; _builder_version=&#8221;3.0.74&#8243; header_font=&#8221;Raleway|||on|&#8221; header_font_size=&#8221;20&#8243; header_line_height=&#8221;1.5em&#8221; background_size=&#8221;initial&#8221; background_position=&#8221;top_left&#8221; background_repeat=&#8221;repeat&#8221;][\/et_pb_blurb][\/et_pb_column][\/et_pb_row][et_pb_row padding_mobile=&#8221;off&#8221; column_padding_mobile=&#8221;on&#8221; admin_label=&#8221;Row&#8221; _builder_version=&#8221;3.25&#8243; background_size=&#8221;initial&#8221; background_position=&#8221;top_left&#8221; background_repeat=&#8221;repeat&#8221; column_structure=&#8221;1_4,1_4,1_4,1_4&#8243;][et_pb_column type=&#8221;1_4&#8243; _builder_version=&#8221;3.25&#8243; custom_padding=&#8221;|||&#8221; custom_padding__hover=&#8221;|||&#8221;][et_pb_blurb title=&#8221;M\u00e1xima calidad de nuestros productos&#8221; use_icon=&#8221;on&#8221; font_icon=&#8221;%%57%%&#8221; icon_placement=&#8221;left&#8221; admin_label=&#8221;Blurb&#8221; _builder_version=&#8221;3.0.74&#8243; header_font=&#8221;Raleway|||on|&#8221; header_font_size=&#8221;20&#8243; header_line_height=&#8221;1.5em&#8221; background_size=&#8221;initial&#8221; background_position=&#8221;top_left&#8221; background_repeat=&#8221;repeat&#8221;][\/et_pb_blurb][\/et_pb_column][et_pb_column type=&#8221;1_4&#8243; _builder_version=&#8221;3.25&#8243; custom_padding=&#8221;|||&#8221; custom_padding__hover=&#8221;|||&#8221;][et_pb_blurb title=&#8221;L\u00edderes internacionales con m\u00e1s del 80% de exportaci\u00f3n&#8221; use_icon=&#8221;on&#8221; font_icon=&#8221;%%57%%&#8221; icon_placement=&#8221;left&#8221; admin_label=&#8221;Blurb&#8221; _builder_version=&#8221;3.0.74&#8243; header_font=&#8221;Raleway|||on|&#8221; header_font_size=&#8221;20&#8243; header_line_height=&#8221;1.5em&#8221; background_size=&#8221;initial&#8221; background_position=&#8221;top_left&#8221; background_repeat=&#8221;repeat&#8221;][\/et_pb_blurb][\/et_pb_column][et_pb_column type=&#8221;1_4&#8243; _builder_version=&#8221;3.25&#8243; custom_padding=&#8221;|||&#8221; custom_padding__hover=&#8221;|||&#8221;][et_pb_blurb title=&#8221;Orientados al cliente&#8221; use_icon=&#8221;on&#8221; font_icon=&#8221;%%57%%&#8221; icon_placement=&#8221;left&#8221; admin_label=&#8221;Blurb&#8221; _builder_version=&#8221;3.0.74&#8243; header_font=&#8221;Raleway|||on|&#8221; header_font_size=&#8221;20&#8243; header_line_height=&#8221;1.5em&#8221; background_size=&#8221;initial&#8221; background_position=&#8221;top_left&#8221; background_repeat=&#8221;repeat&#8221;][\/et_pb_blurb][\/et_pb_column][et_pb_column type=&#8221;1_4&#8243; _builder_version=&#8221;3.25&#8243; custom_padding=&#8221;|||&#8221; custom_padding__hover=&#8221;|||&#8221;][et_pb_blurb title=&#8221;Comprometidos con el medio ambiente&#8221; use_icon=&#8221;on&#8221; font_icon=&#8221;%%57%%&#8221; icon_placement=&#8221;left&#8221; admin_label=&#8221;Blurb&#8221; _builder_version=&#8221;3.0.74&#8243; header_font=&#8221;Raleway|||on|&#8221; header_font_size=&#8221;20&#8243; header_line_height=&#8221;1.5em&#8221; background_size=&#8221;initial&#8221; background_position=&#8221;top_left&#8221; background_repeat=&#8221;repeat&#8221;][\/et_pb_blurb][\/et_pb_column][\/et_pb_row][\/et_pb_section]<\/p>\n","protected":false},"excerpt":{"rendered":"<p>[et_pb_section fb_built=&#8221;1&#8243; custom_padding_last_edited=&#8221;on|desktop&#8221; admin_label=&#8221;section&#8221; _builder_version=&#8221;3.22&#8243; background_image=&#8221;\/\/facapackaging.com\/wp-content\/uploads\/2016\/12\/FOTO-OFICINAS_grande_dark.jpg&#8221; custom_padding_tablet=&#8221;50px|0|50px|0&#8243; custom_padding_phone=&#8221;&#8221; padding_mobile=&#8221;off&#8221;][et_pb_row padding_mobile=&#8221;off&#8221; column_padding_mobile=&#8221;on&#8221; admin_label=&#8221;row&#8221; _builder_version=&#8221;3.25&#8243; background_size=&#8221;initial&#8221; background_position=&#8221;top_left&#8221; background_repeat=&#8221;repeat&#8221;][et_pb_column type=&#8221;4_4&#8243; _builder_version=&#8221;3.25&#8243; custom_padding=&#8221;|||&#8221; custom_padding__hover=&#8221;|||&#8221;][et_pb_text admin_label=&#8221;Text&#8221; _builder_version=&#8221;3.27.4&#8243; header_font=&#8221;Raleway Light||||&#8221; header_font_size=&#8221;28px&#8221; background_size=&#8221;initial&#8221; background_position=&#8221;top_left&#8221; background_repeat=&#8221;repeat&#8221; background_layout=&#8221;dark&#8221;] \u0421\u0432\u044f\u0437\u0430\u0442\u044c\u0441\u044f \u0441 \u043d\u0430\u043c\u0438 [\/et_pb_text][\/et_pb_column][\/et_pb_row][\/et_pb_section][et_pb_section fb_built=&#8221;1&#8243; admin_label=&#8221;section&#8221; module_class=&#8221;contacto_seccion2&#8243; _builder_version=&#8221;3.22&#8243; custom_padding=&#8221;54px|0px|30px|0px&#8221;][et_pb_row use_custom_gutter=&#8221;on&#8221; padding_mobile=&#8221;off&#8221; column_padding_mobile=&#8221;on&#8221; admin_label=&#8221;row&#8221; _builder_version=&#8221;3.25&#8243; background_size=&#8221;initial&#8221; background_position=&#8221;top_left&#8221; background_repeat=&#8221;repeat&#8221; column_structure=&#8221;2_3,1_3&#8243;][et_pb_column type=&#8221;2_3&#8243; _builder_version=&#8221;3.25&#8243; custom_padding=&#8221; |70px| | &#8221; custom_padding__hover=&#8221;|||&#8221;][et_pb_text admin_label=&#8221;Text&#8221; [&hellip;]<\/p>\n","protected":false},"author":8,"featured_media":0,"parent":0,"menu_order":0,"comment_status":"closed","ping_status":"closed","template":"","meta":{"_et_pb_use_builder":"on","_et_pb_old_content":"","_et_gb_content_width":""},"_links":{"self":[{"href":"https:\/\/facapackaging.com\/ru\/wp-json\/wp\/v2\/pages\/2116"}],"collection":[{"href":"https:\/\/facapackaging.com\/ru\/wp-json\/wp\/v2\/pages"}],"about":[{"href":"https:\/\/facapackaging.com\/ru\/wp-json\/wp\/v2\/types\/page"}],"author":[{"embeddable":true,"href":"https:\/\/facapackaging.com\/ru\/wp-json\/wp\/v2\/users\/8"}],"replies":[{"embeddable":true,"href":"https:\/\/facapackaging.com\/ru\/wp-json\/wp\/v2\/comments?post=2116"}],"version-history":[{"count":2,"href":"https:\/\/facapackaging.com\/ru\/wp-json\/wp\/v2\/pages\/2116\/revisions"}],"predecessor-version":[{"id":2118,"href":"https:\/\/facapackaging.com\/ru\/wp-json\/wp\/v2\/pages\/2116\/revisions\/2118"}],"wp:attachment":[{"href":"https:\/\/facapackaging.com\/ru\/wp-json\/wp\/v2\/media?parent=2116"}],"curies":[{"name":"wp","href":"https:\/\/api.w.org\/{rel}","templated":true}]}}